{"id":124948,"date":"2026-04-07T17:13:44","date_gmt":"2026-04-07T15:13:44","guid":{"rendered":"https:\/\/www.staffoniarredamenti.it\/?page_id=124948"},"modified":"2026-04-07T17:13:46","modified_gmt":"2026-04-07T15:13:46","slug":"kontakt-2","status":"publish","type":"page","link":"https:\/\/www.staffoniarredamenti.it\/de\/kontakt-2\/","title":{"rendered":"Kontakt"},"content":{"rendered":"<section class=\"wpb-content-wrapper\"><p>[vc_row row_height_percent=&#8220;85&#8243; override_padding=&#8220;yes&#8220; h_padding=&#8220;2&#8243; top_padding=&#8220;7&#8243; bottom_padding=&#8220;7&#8243; back_color=&#8220;color-wayh&#8220; back_image=&#8220;117950&#8243; back_position=&#8220;center bottom&#8220; overlay_color=&#8220;color-jevc&#8220; overlay_alpha=&#8220;40&#8243; gutter_size=&#8220;3&#8243; column_width_percent=&#8220;100&#8243; shift_y=&#8220;0&#8243; z_index=&#8220;0&#8243; enable_top_divider=&#8220;default&#8220; top_divider=&#8220;gradient&#8220; shape_top_h_use_pixel=&#8220;true&#8220; shape_top_height_percent=&#8220;100&#8243; shape_top_color=&#8220;color-wayh&#8220; shape_top_opacity=&#8220;25&#8243; shape_top_index=&#8220;0&#8243; row_name=&#8220;Welcome&#8220; uncode_shortcode_id=&#8220;165000&#8243; back_color_type=&#8220;uncode-palette&#8220; overlay_color_type=&#8220;uncode-palette&#8220; shape_top_color_type=&#8220;uncode-palette&#8220;][vc_column column_width_use_pixel=&#8220;yes&#8220; position_vertical=&#8220;middle&#8220; align_horizontal=&#8220;align_center&#8220; gutter_size=&#8220;3&#8243; style=&#8220;dark&#8220; overlay_alpha=&#8220;50&#8243; shift_x=&#8220;0&#8243; shift_y=&#8220;0&#8243; shift_y_down=&#8220;0&#8243; z_index=&#8220;0&#8243; medium_width=&#8220;0&#8243; mobile_width=&#8220;0&#8243; zoom_width=&#8220;0&#8243; zoom_height=&#8220;0&#8243; width=&#8220;1\/1&#8243; column_width_pixel=&#8220;900&#8243;][vc_custom_heading text_size=&#8220;fontsize-445851&#8243; text_weight=&#8220;400&#8243; text_space=&#8220;fontspace-781688&#8243; uncode_shortcode_id=&#8220;401467&#8243;]Wir sind hier, um Ihre Traumeinrichtung zu realisieren[\/vc_custom_heading][\/vc_column][\/vc_row][vc_row row_height_percent=&#8220;0&#8243; override_padding=&#8220;yes&#8220; h_padding=&#8220;2&#8243; top_padding=&#8220;3&#8243; bottom_padding=&#8220;3&#8243; back_color=&#8220;color-lxmt&#8220; overlay_alpha=&#8220;100&#8243; gutter_size=&#8220;4&#8243; column_width_percent=&#8220;100&#8243; shift_y=&#8220;0&#8243; z_index=&#8220;0&#8243; style=&#8220;inherited&#8220; uncode_shortcode_id=&#8220;157928&#8243; back_color_type=&#8220;uncode-palette&#8220;][vc_column column_width_percent=&#8220;100&#8243; align_horizontal=&#8220;align_center&#8220; gutter_size=&#8220;4&#8243; font_family=&#8220;font-136269&#8243; overlay_alpha=&#8220;100&#8243; shift_x=&#8220;0&#8243; shift_y=&#8220;0&#8243; shift_y_down=&#8220;0&#8243; z_index=&#8220;0&#8243; medium_width=&#8220;3&#8243; mobile_width=&#8220;0&#8243; zoom_width=&#8220;0&#8243; zoom_height=&#8220;0&#8243; width=&#8220;1\/2&#8243; uncode_shortcode_id=&#8220;968317&#8243;][vc_icon icon=&#8220;fa fa-map-pin&#8220; icon_color=&#8220;color-298925&#8243; size=&#8220;fa-3x&#8220; text_weight=&#8220;400&#8243; text_space=&#8220;fontspace-781688&#8243; text_reduced=&#8220;yes&#8220; title=&#8220;Staffoni Arredamenti&#8220; link=&#8220;url:https%3A%2F%2Fgoo.gl%2Fmaps%2FGwNL8aD5Qg5rhAU76|target:_blank|&#8220; link_text=&#8220;Hinweise zur Anfahrt&#8220; uncode_shortcode_id=&#8220;513844&#8243; icon_color_type=&#8220;uncode-palette&#8220;]Via Triumplina 78<br \/>\n25123 &#8211; Brescia<br \/>\n<a href=\"mailto:info@staffoniarredamenti.it\">info@staffoniarredamenti.it<\/a><br \/>\n<a title=\"Telephone Staffoni Arredamenti\" href=\"tel:030%20200%200382\">Tel: 030 200 0382<\/a><br \/>\nUSt.-Id.-Nr.: 03901290985<br \/>\nMontag 14.30 | 19:00 Uhr<br \/>\nDienstag \u2013 Samstag 9.30 | 13.00 &#8211; 14.30 | 19.00 Uhr<br \/>\nSonntag GESCHLOSSEN[\/vc_icon][\/vc_column][\/vc_row][vc_row row_height_percent=&#8220;0&#8243; override_padding=&#8220;yes&#8220; h_padding=&#8220;2&#8243; top_padding=&#8220;3&#8243; bottom_padding=&#8220;3&#8243; overlay_alpha=&#8220;50&#8243; gutter_size=&#8220;3&#8243; column_width_percent=&#8220;100&#8243; shift_y=&#8220;0&#8243; z_index=&#8220;0&#8243; uncode_shortcode_id=&#8220;116903&#8243;][vc_column column_width_percent=&#8220;100&#8243; align_horizontal=&#8220;align_center&#8220; gutter_size=&#8220;3&#8243; font_family=&#8220;font-136269&#8243; overlay_alpha=&#8220;50&#8243; shift_x=&#8220;0&#8243; shift_y=&#8220;0&#8243; shift_y_down=&#8220;0&#8243; z_index=&#8220;0&#8243; medium_width=&#8220;0&#8243; mobile_width=&#8220;0&#8243; width=&#8220;1\/1&#8243; uncode_shortcode_id=&#8220;102625&#8243;][vc_row_inner limit_content=&#8220;&#8220;][vc_column_inner column_width_use_pixel=&#8220;yes&#8220; align_horizontal=&#8220;align_center&#8220; gutter_size=&#8220;2&#8243; overlay_alpha=&#8220;50&#8243; shift_x=&#8220;0&#8243; shift_y=&#8220;0&#8243; shift_y_down=&#8220;0&#8243; z_index=&#8220;0&#8243; medium_width=&#8220;0&#8243; mobile_width=&#8220;0&#8243; width=&#8220;1\/1&#8243; column_width_pixel=&#8220;600&#8243;][vc_custom_heading text_color=&#8220;color-298925&#8243; heading_semantic=&#8220;h6&#8243; text_font=&#8220;font-136269&#8243; text_size=&#8220;fontsize-160000&#8243; text_transform=&#8220;uppercase&#8220; text_space=&#8220;fontspace-135905&#8243; uncode_shortcode_id=&#8220;153683&#8243; text_color_type=&#8220;uncode-palette&#8220;]GESTALTE DEINEN RAUM MIT UNS[\/vc_custom_heading][vc_custom_heading heading_semantic=&#8220;h3&#8243; text_size=&#8220;h1&#8243; text_weight=&#8220;400&#8243; text_space=&#8220;fontspace-781688&#8243; sub_lead=&#8220;yes&#8220; uncode_shortcode_id=&#8220;286817&#8243;]Verwandle dein Zuhause mit einem einfachen Kontakt[\/vc_custom_heading][vc_column_text uncode_shortcode_id=&#8220;397443&#8243;]Sie k\u00f6nnen sich an die Fachkr\u00e4fte von Staffoni Arredamenti wenden, um Informationen zu erhalten oder einen Termin zu organisieren. Der Showroom empf\u00e4ngt Sie gern, um Ihnen ein Erlebnis aus der N\u00e4he mit den Einrichtungselementen der wichtigsten internationalen Marken zu schenken.[\/vc_column_text][\/vc_column_inner][\/vc_row_inner][vc_row_inner limit_content=&#8220;&#8220;][vc_column_inner column_width_use_pixel=&#8220;yes&#8220; align_horizontal=&#8220;align_center&#8220; gutter_size=&#8220;3&#8243; overlay_alpha=&#8220;50&#8243; shift_x=&#8220;0&#8243; shift_y=&#8220;0&#8243; shift_y_down=&#8220;0&#8243; z_index=&#8220;0&#8243; medium_width=&#8220;0&#8243; mobile_width=&#8220;0&#8243; width=&#8220;1\/1&#8243; column_width_pixel=&#8220;900&#8243;]\n<div class=\"wpcf7 no-js\" id=\"wpcf7-f123440-o1\" lang=\"de-DE\" dir=\"ltr\" data-wpcf7-id=\"123440\">\n<div class=\"screen-reader-response\"><p role=\"status\" aria-live=\"polite\" aria-atomic=\"true\"><\/p> <ul><\/ul><\/div>\n<form action=\"\/de\/wp-json\/wp\/v2\/pages\/124948#wpcf7-f123440-o1\" method=\"post\" class=\"wpcf7-form init input-background\" aria-label=\"Kontaktformular\" novalidate=\"novalidate\" data-status=\"init\">\n<fieldset class=\"hidden-fields-container\"><input type=\"hidden\" name=\"_wpcf7\" value=\"123440\" \/><input type=\"hidden\" name=\"_wpcf7_version\" value=\"6.1.3\" \/><input type=\"hidden\" name=\"_wpcf7_locale\" value=\"de_DE\" \/><input type=\"hidden\" name=\"_wpcf7_unit_tag\" value=\"wpcf7-f123440-o1\" \/><input type=\"hidden\" name=\"_wpcf7_container_post\" value=\"0\" \/><input type=\"hidden\" name=\"_wpcf7_posted_data_hash\" value=\"\" \/><input type=\"hidden\" name=\"_wpcf7_recaptcha_response\" value=\"\" \/>\n<\/fieldset>\n<p><span class=\"wpcf7-form-control-wrap\" data-name=\"your-name\"><input size=\"40\" maxlength=\"400\" class=\"wpcf7-form-control wpcf7-text wpcf7-validates-as-required form-fluid form-xl\" aria-required=\"true\" aria-invalid=\"false\" placeholder=\"Vorname\" value=\"\" type=\"text\" name=\"your-name\" \/><\/span>\n<\/p>\n<p><span class=\"wpcf7-form-control-wrap\" data-name=\"your-email\"><input size=\"40\" maxlength=\"400\" class=\"wpcf7-form-control wpcf7-text wpcf7-validates-as-required form-fluid form-xl\" aria-required=\"true\" aria-invalid=\"false\" placeholder=\"Email\" value=\"\" type=\"text\" name=\"your-email\" \/><\/span>\n<\/p>\n<p><span class=\"wpcf7-form-control-wrap\" data-name=\"your-message\"><textarea cols=\"40\" rows=\"10\" maxlength=\"2000\" class=\"wpcf7-form-control wpcf7-textarea form-xl\" aria-invalid=\"false\" placeholder=\"Nachricht\" name=\"your-message\"><\/textarea><\/span>\n<\/p>\n<p><span class=\"wpcf7-form-control-wrap\" data-name=\"privacy\"><span class=\"wpcf7-form-control wpcf7-acceptance\"><span class=\"wpcf7-list-item\"><label><input type=\"checkbox\" name=\"privacy\" value=\"1\" aria-invalid=\"false\" \/><span class=\"wpcf7-list-item-label\">Ich stimme der Datenverarbeitung gem\u00e4\u00df der Datenschutzerkl\u00e4rung zu.<\/span><\/label><\/span><\/span><\/span>\n<\/p>\n<p><input class=\"wpcf7-form-control wpcf7-submit has-spinner btn btn-accent btn-lg btn-flat btn-custom-typo font-weight-400\" type=\"submit\" value=\"schicken\" \/>\n<\/p><input type='hidden' class='wpcf7-pum' value='{\"closepopup\":false,\"closedelay\":0,\"openpopup\":false,\"openpopup_id\":0}' \/><div class=\"wpcf7-response-output\" aria-hidden=\"true\"><\/div>\n<\/form>\n<\/div>\n[\/vc_column_inner][\/vc_row_inner][\/vc_column][\/vc_row][vc_row unlock_row_content=&#8220;yes&#8220; row_height_percent=&#8220;50&#8243; override_padding=&#8220;yes&#8220; h_padding=&#8220;0&#8243; top_padding=&#8220;0&#8243; bottom_padding=&#8220;0&#8243; overlay_alpha=&#8220;100&#8243; gutter_size=&#8220;3&#8243; column_width_percent=&#8220;100&#8243; shift_y=&#8220;0&#8243; z_index=&#8220;0&#8243; uncode_shortcode_id=&#8220;158228&#8243; css=&#8220;.vc_custom_1688562262420{margin-bottom: -4px !important;}&#8220;][vc_column column_width_percent=&#8220;100&#8243; position_horizontal=&#8220;left&#8220; position_vertical=&#8220;bottom&#8220; gutter_size=&#8220;0&#8243; overlay_alpha=&#8220;100&#8243; shift_x=&#8220;0&#8243; shift_y=&#8220;0&#8243; shift_y_down=&#8220;0&#8243; z_index=&#8220;0&#8243; medium_width=&#8220;0&#8243; mobile_width=&#8220;0&#8243; zoom_width=&#8220;0&#8243; zoom_height=&#8220;0&#8243; width=&#8220;1\/1&#8243; mobile_height=&#8220;260&#8243; uncode_shortcode_id=&#8220;492460&#8243;][vc_raw_html]PGlmcmFtZSBzcmM9Imh0dHBzOi8vd3d3Lmdvb2dsZS5jb20vbWFwcy9lbWJlZD9wYj0hMW0xOCExbTEyITFtMyExZDI3OTMuMjg3MjQwMzkzMDQ3MyEyZDEwLjIyNjU2MDQ3NjYzNDEzNiEzZDQ1LjU2NDY2MjAyNjcyOTUzITJtMyExZjAhMmYwITNmMCEzbTIhMWkxMDI0ITJpNzY4ITRmMTMuMSEzbTMhMW0yITFzMHg0NzgxNzdiNjdhNDI1MTE3JTNBMHhhNGViZjlhZmNhY2YwYzI0ITJzU3RhZmZvbmklMjBBcnJlZGFtZW50aSE1ZTAhM20yITFzaXQhMnNpdCE0djE2ODY2NjQwNDUyODEhNW0yITFzaXQhMnNpdCIgd2lkdGg9IjEwMCUiIGhlaWdodD0iNDUwIiBzdHlsZT0iYm9yZGVyOjA7IiBhbGxvd2Z1bGxzY3JlZW49IiIgbG9hZGluZz0ibGF6eSIgcmVmZXJyZXJwb2xpY3k9Im5vLXJlZmVycmVyLXdoZW4tZG93bmdyYWRlIj48L2lmcmFtZT4=[\/vc_raw_html][\/vc_column][\/vc_row]<\/p>\n<\/section>","protected":false},"excerpt":{"rendered":"<p>[vc_row row_height_percent=&#8220;85&#8243; override_padding=&#8220;yes&#8220; h_padding=&#8220;2&#8243; top_padding=&#8220;7&#8243; bottom_padding=&#8220;7&#8243; back_color=&#8220;color-wayh&#8220; back_image=&#8220;117950&#8243; back_position=&#8220;center bottom&#8220; overlay_color=&#8220;color-jevc&#8220; overlay_alpha=&#8220;40&#8243; gutter_size=&#8220;3&#8243; column_width_percent=&#8220;100&#8243; shift_y=&#8220;0&#8243; z_index=&#8220;0&#8243; enable_top_divider=&#8220;default&#8220; top_divider=&#8220;gradient&#8220; shape_top_h_use_pixel=&#8220;true&#8220; shape_top_height_percent=&#8220;100&#8243; [&hellip;]<\/p>\n","protected":false},"author":3,"featured_media":0,"parent":0,"menu_order":0,"comment_status":"open","ping_status":"closed","template":"","meta":{"footnotes":""},"class_list":["post-124948","page","type-page","status-publish","hentry"],"yoast_head":"<!-- This site is optimized with the Yoast SEO plugin v26.3 - https:\/\/yoast.com\/wordpress\/plugins\/seo\/ -->\n<title>Kontakt - Staffoni Arredamenti<\/title>\n<meta name=\"robots\" content=\"index, follow, max-snippet:-1, max-image-preview:large, max-video-preview:-1\" \/>\n<link rel=\"canonical\" href=\"https:\/\/www.staffoniarredamenti.it\/de\/kontakt-2\/\" \/>\n<meta property=\"og:locale\" content=\"de_DE\" \/>\n<meta property=\"og:type\" content=\"article\" \/>\n<meta property=\"og:title\" content=\"Kontakt - Staffoni Arredamenti\" \/>\n<meta property=\"og:description\" content=\"[vc_row row_height_percent=&#8220;85&#8243; override_padding=&#8220;yes&#8220; h_padding=&#8220;2&#8243; top_padding=&#8220;7&#8243; bottom_padding=&#8220;7&#8243; back_color=&#8220;color-wayh&#8220; back_image=&#8220;117950&#8243; back_position=&#8220;center bottom&#8220; overlay_color=&#8220;color-jevc&#8220; overlay_alpha=&#8220;40&#8243; gutter_size=&#8220;3&#8243; column_width_percent=&#8220;100&#8243; shift_y=&#8220;0&#8243; z_index=&#8220;0&#8243; enable_top_divider=&#8220;default&#8220; top_divider=&#8220;gradient&#8220; shape_top_h_use_pixel=&#8220;true&#8220; shape_top_height_percent=&#8220;100&#8243; [&hellip;]\" \/>\n<meta property=\"og:url\" content=\"https:\/\/www.staffoniarredamenti.it\/de\/kontakt-2\/\" \/>\n<meta property=\"og:site_name\" content=\"Staffoni Arredamenti\" \/>\n<meta property=\"article:modified_time\" content=\"2026-04-07T15:13:46+00:00\" \/>\n<meta name=\"twitter:card\" content=\"summary_large_image\" \/>\n<meta name=\"twitter:label1\" content=\"Gesch\u00e4tzte Lesezeit\" \/>\n\t<meta name=\"twitter:data1\" content=\"2\u00a0Minuten\" \/>\n<script type=\"application\/ld+json\" class=\"yoast-schema-graph\">{\"@context\":\"https:\/\/schema.org\",\"@graph\":[{\"@type\":\"WebPage\",\"@id\":\"https:\/\/www.staffoniarredamenti.it\/de\/kontakt-2\/\",\"url\":\"https:\/\/www.staffoniarredamenti.it\/de\/kontakt-2\/\",\"name\":\"Kontakt - Staffoni Arredamenti\",\"isPartOf\":{\"@id\":\"https:\/\/www.staffoniarredamenti.it\/de\/#website\"},\"datePublished\":\"2026-04-07T15:13:44+00:00\",\"dateModified\":\"2026-04-07T15:13:46+00:00\",\"breadcrumb\":{\"@id\":\"https:\/\/www.staffoniarredamenti.it\/de\/kontakt-2\/#breadcrumb\"},\"inLanguage\":\"de\",\"potentialAction\":[{\"@type\":\"ReadAction\",\"target\":[\"https:\/\/www.staffoniarredamenti.it\/de\/kontakt-2\/\"]}]},{\"@type\":\"BreadcrumbList\",\"@id\":\"https:\/\/www.staffoniarredamenti.it\/de\/kontakt-2\/#breadcrumb\",\"itemListElement\":[{\"@type\":\"ListItem\",\"position\":1,\"name\":\"Home\",\"item\":\"https:\/\/www.staffoniarredamenti.it\/de\/home\/\"},{\"@type\":\"ListItem\",\"position\":2,\"name\":\"Kontakt\"}]},{\"@type\":\"WebSite\",\"@id\":\"https:\/\/www.staffoniarredamenti.it\/de\/#website\",\"url\":\"https:\/\/www.staffoniarredamenti.it\/de\/\",\"name\":\"Staffoni Arredamenti\",\"description\":\"Showroom mobili di design\",\"potentialAction\":[{\"@type\":\"SearchAction\",\"target\":{\"@type\":\"EntryPoint\",\"urlTemplate\":\"https:\/\/www.staffoniarredamenti.it\/de\/?s={search_term_string}\"},\"query-input\":{\"@type\":\"PropertyValueSpecification\",\"valueRequired\":true,\"valueName\":\"search_term_string\"}}],\"inLanguage\":\"de\"}]}<\/script>\n<!-- \/ Yoast SEO plugin. -->","yoast_head_json":{"title":"Kontakt - Staffoni Arredamenti","robots":{"index":"index","follow":"follow","max-snippet":"max-snippet:-1","max-image-preview":"max-image-preview:large","max-video-preview":"max-video-preview:-1"},"canonical":"https:\/\/www.staffoniarredamenti.it\/de\/kontakt-2\/","og_locale":"de_DE","og_type":"article","og_title":"Kontakt - Staffoni Arredamenti","og_description":"[vc_row row_height_percent=&#8220;85&#8243; override_padding=&#8220;yes&#8220; h_padding=&#8220;2&#8243; top_padding=&#8220;7&#8243; bottom_padding=&#8220;7&#8243; back_color=&#8220;color-wayh&#8220; back_image=&#8220;117950&#8243; back_position=&#8220;center bottom&#8220; overlay_color=&#8220;color-jevc&#8220; overlay_alpha=&#8220;40&#8243; gutter_size=&#8220;3&#8243; column_width_percent=&#8220;100&#8243; shift_y=&#8220;0&#8243; z_index=&#8220;0&#8243; enable_top_divider=&#8220;default&#8220; top_divider=&#8220;gradient&#8220; shape_top_h_use_pixel=&#8220;true&#8220; shape_top_height_percent=&#8220;100&#8243; [&hellip;]","og_url":"https:\/\/www.staffoniarredamenti.it\/de\/kontakt-2\/","og_site_name":"Staffoni Arredamenti","article_modified_time":"2026-04-07T15:13:46+00:00","twitter_card":"summary_large_image","twitter_misc":{"Gesch\u00e4tzte Lesezeit":"2\u00a0Minuten"},"schema":{"@context":"https:\/\/schema.org","@graph":[{"@type":"WebPage","@id":"https:\/\/www.staffoniarredamenti.it\/de\/kontakt-2\/","url":"https:\/\/www.staffoniarredamenti.it\/de\/kontakt-2\/","name":"Kontakt - Staffoni Arredamenti","isPartOf":{"@id":"https:\/\/www.staffoniarredamenti.it\/de\/#website"},"datePublished":"2026-04-07T15:13:44+00:00","dateModified":"2026-04-07T15:13:46+00:00","breadcrumb":{"@id":"https:\/\/www.staffoniarredamenti.it\/de\/kontakt-2\/#breadcrumb"},"inLanguage":"de","potentialAction":[{"@type":"ReadAction","target":["https:\/\/www.staffoniarredamenti.it\/de\/kontakt-2\/"]}]},{"@type":"BreadcrumbList","@id":"https:\/\/www.staffoniarredamenti.it\/de\/kontakt-2\/#breadcrumb","itemListElement":[{"@type":"ListItem","position":1,"name":"Home","item":"https:\/\/www.staffoniarredamenti.it\/de\/home\/"},{"@type":"ListItem","position":2,"name":"Kontakt"}]},{"@type":"WebSite","@id":"https:\/\/www.staffoniarredamenti.it\/de\/#website","url":"https:\/\/www.staffoniarredamenti.it\/de\/","name":"Staffoni Arredamenti","description":"Showroom mobili di design","potentialAction":[{"@type":"SearchAction","target":{"@type":"EntryPoint","urlTemplate":"https:\/\/www.staffoniarredamenti.it\/de\/?s={search_term_string}"},"query-input":{"@type":"PropertyValueSpecification","valueRequired":true,"valueName":"search_term_string"}}],"inLanguage":"de"}]}},"_links":{"self":[{"href":"https:\/\/www.staffoniarredamenti.it\/de\/wp-json\/wp\/v2\/pages\/124948","targetHints":{"allow":["GET"]}}],"collection":[{"href":"https:\/\/www.staffoniarredamenti.it\/de\/wp-json\/wp\/v2\/pages"}],"about":[{"href":"https:\/\/www.staffoniarredamenti.it\/de\/wp-json\/wp\/v2\/types\/page"}],"author":[{"embeddable":true,"href":"https:\/\/www.staffoniarredamenti.it\/de\/wp-json\/wp\/v2\/users\/3"}],"replies":[{"embeddable":true,"href":"https:\/\/www.staffoniarredamenti.it\/de\/wp-json\/wp\/v2\/comments?post=124948"}],"version-history":[{"count":1,"href":"https:\/\/www.staffoniarredamenti.it\/de\/wp-json\/wp\/v2\/pages\/124948\/revisions"}],"predecessor-version":[{"id":124951,"href":"https:\/\/www.staffoniarredamenti.it\/de\/wp-json\/wp\/v2\/pages\/124948\/revisions\/124951"}],"wp:attachment":[{"href":"https:\/\/www.staffoniarredamenti.it\/de\/wp-json\/wp\/v2\/media?parent=124948"}],"curies":[{"name":"wp","href":"https:\/\/api.w.org\/{rel}","templated":true}]}}