{"id":123377,"date":"2023-06-06T10:55:37","date_gmt":"2023-06-06T08:55:37","guid":{"rendered":"https:\/\/www.staffoniarredamenti.it\/erklaerung-im-sinne-von-art-13-ital-gvo-nr-196-03\/"},"modified":"2024-07-30T10:17:18","modified_gmt":"2024-07-30T08:17:18","slug":"erklaerung-im-sinne-von-art-13-ital-gvo-nr-196-03","status":"publish","type":"page","link":"https:\/\/www.staffoniarredamenti.it\/de\/erklaerung-im-sinne-von-art-13-ital-gvo-nr-196-03\/","title":{"rendered":"Datenschutzerkl\u00e4rung"},"content":{"rendered":"\r\n<h2 class=\"wp-block-heading\"><strong>Erkl\u00e4rung im Sinne von Art. 13 ital. GvO Nr. 196\/03<\/strong><\/h2>\r\n<p>Im Sinne und nach Ma\u00dfgabe von Art. 13 der ital. Gesetzesverordnung Nr. 196 vom 30. Juni 2003, dem \u201eDatenschutzgesetz\u201c, wird ausgef\u00fchrt wie folgt:<\/p>\r\n<h2>1) Art der Daten:<\/h2>\r\n<p>Verarbeitet werden Ihre Meldedaten (Vor- und Nachname, E-Mail, Wohnsitz, Telefon, Mobil usw.), Buchhaltungs-\/Steuerdaten (z.B. Adresse von Lagern, Bankangaben usw.) sowie Daten zu Ihrer Wirtschaftst\u00e4tigkeit (z.B. Art der T\u00e4tigkeit usw.).<\/p>\r\n<h2>2) Verfahren, Zwecke und Dauer der Verarbeitung:<\/h2>\r\n<p>2.1) Diese Daten werden gesammelt und verarbeitet, um die obligatorischen Auflagen in Verbindung mit unserer Wirtschaftst\u00e4tigkeit, juristischer Art und in Bezug auf die jeweiligen Vertragsbeziehungen zu erf\u00fcllen. Die Daten k\u00f6nnen allen Mitarbeitern unserer internen Struktur (Verwaltungs-, kaufm\u00e4nnisches, Produktionspersonal) und zudem externen Personen au\u00dferhalb unserer Organisation mitgeteilt werden, wie Tochter- oder Konzerngesellschaften oder anderen Firmen, die Auftr\u00e4ge f\u00fcr das Unternehmen ausf\u00fchren (z.B. steuerliche Vorg\u00e4nge, Verkaufsnetz, Speditions-, Archivierungs-, IT-, Beratungs-, Transportdienste usw.); Bankinstituten f\u00fcr das Forderungsmanagement und Zahlungen infolge der Ausf\u00fchrung von Vertr\u00e4gen; Inkassounternehmen f\u00fcr die Betreibung und den Schutz von Forderungen; Handelsinformationsgesellschaften f\u00fcr die Bewertung der Solvenz von Unternehmen und des Schuldnerverhaltens; sowie weiteren vom Gesetz vorgesehenen Personen.<\/p>\r\n<p>2.2) Nach Ihrer Zustimmung, die Sie jederzeit widerrufen k\u00f6nnen, werden sie auch verarbeitet:<\/p>\r\n<p>a) um Studien sowie statistische und Marktforschungen durchzuf\u00fchren; b) um Werbe- und Informationsmaterial, auch Handelsinformationen mitzuteilen bzw. \u00fcber Telefonkan\u00e4le, SMS, MMS, Videos und \u00e4hnliche Verfahren, per E-Mail, im Printformat, Fax bzw. als Beilage zu Rechnungen zu senden; c) f\u00fcr direkte und indirekte Verkaufst\u00e4tigkeiten; d) f\u00fcr interaktive Handelsmitteilungen; e) um Untersuchungen, Umfragen und Erhebungen zum Grad der Kundenzufriedenheit mit der Qualit\u00e4t der Dienste durchzuf\u00fchren, auch mit telefonischen Interviews; f) um auch mit elektronischen Auswertungen Konsumgewohnheiten und -neigungen zu erkennen, um den Service zu verbessern, Ihre spezifischen Bed\u00fcrfnisse mit vorteilhaften Angeboten zu befriedigen und neue Dienste und Produkte von Staffoni Arredamenti anzubieten. Die Daten werden rechtm\u00e4\u00dfig und nach den Grunds\u00e4tzen der Korrektheit und Vertraulichkeit unter voller Beachtung der GvO 196\/03 mit Hilfe von IT-Ger\u00e4ten sowie auch manuell\/im Printformat verarbeitet und in Datenbanken aufgenommen, die direkt von Staffoni Arredamenti gef\u00fchrt werden.<\/p>\r\n<h2>3) Freiwillige Art der Datenmitteilung:<\/h2>\r\n<p>Die Art der Mitteilung ist fakultativ, aber notwendig, um alle vertraglichen Auflagen einzuleiten bzw. zu erf\u00fcllen. Die mangelnde Mitteilung dieser Daten k\u00f6nnte also die Einrichtung des Vertragsverh\u00e4ltnisses, seine Fortsetzung oder seine vollst\u00e4ndige oder teilweise Ausf\u00fchrung verhindern.<\/p>\r\n<h2>4) Personen, denen sie offengelegt werden k\u00f6nnen:<\/h2>\r\n<p>Die genannten Daten sowie die von den Parteien verarbeiteten Daten werden nicht zum Gegenstand der Offenlegung und Verbreitung, abgesehen von den gesetzlich vorgesehenen F\u00e4llen. Die Verarbeitung ist von den Grunds\u00e4tzen der Korrektheit, Rechtm\u00e4\u00dfigkeit und Transparenz gepr\u00e4gt, um die Vertraulichkeit und die Rechte der betroffenen Personen zu sch\u00fctzen.<\/p>\r\n<h2>5) Rechte gem\u00e4\u00df Art. 7 und 130:<\/h2>\r\n<p>In Bezug auf die Daten k\u00f6nnen Sie die Rechte aus\u00fcben, die von Art. 7 und 130 GvO Nr. 196\/2003 vorgesehen sind; Sie k\u00f6nnen sich jederzeit der betreffenden Verarbeitung widersetzen, indem Sie sich per Brief, E-Mail oder Fax an die verantwortliche Stelle f\u00fcr die Datenverarbeitung wenden.<\/p>\r\n<h2>6) Verantwortliche Stelle f\u00fcr die Datenverarbeitung:<\/h2>\r\n<p>Die Verantwortliche Stelle f\u00fcr die Datenverarbeitung ist Staffoni Arredamenti mit Sitz in Via Triumplina 78, 25123 Brescia (Brescia, Italien) \u2013 Tel. +39 030 200 0382 \u2013 E-Mail: <a href=\"mailto:info@staffoniarredamenti.it\">info@staffoniarredamenti.it<\/a><\/p>\r\n","protected":false},"excerpt":{"rendered":"<p>Erkl\u00e4rung im Sinne von Art. 13 ital. GvO Nr. 196\/03 Im Sinne und nach Ma\u00dfgabe von Art. 13 der ital. [&hellip;]<\/p>\n","protected":false},"author":1,"featured_media":0,"parent":0,"menu_order":0,"comment_status":"closed","ping_status":"open","template":"","meta":{"footnotes":""},"class_list":["post-123377","page","type-page","status-publish","hentry"],"yoast_head":"<!-- This site is optimized with the Yoast SEO plugin v26.3 - https:\/\/yoast.com\/wordpress\/plugins\/seo\/ -->\n<title>Datenschutzerkl\u00e4rung - Staffoni Arredamenti<\/title>\n<meta name=\"robots\" content=\"index, follow, max-snippet:-1, max-image-preview:large, max-video-preview:-1\" \/>\n<link rel=\"canonical\" href=\"https:\/\/www.staffoniarredamenti.it\/de\/erklaerung-im-sinne-von-art-13-ital-gvo-nr-196-03\/\" \/>\n<meta property=\"og:locale\" content=\"de_DE\" \/>\n<meta property=\"og:type\" content=\"article\" \/>\n<meta property=\"og:title\" content=\"Datenschutzerkl\u00e4rung - Staffoni Arredamenti\" \/>\n<meta property=\"og:description\" content=\"Erkl\u00e4rung im Sinne von Art. 13 ital. GvO Nr. 196\/03 Im Sinne und nach Ma\u00dfgabe von Art. 13 der ital. [&hellip;]\" \/>\n<meta property=\"og:url\" content=\"https:\/\/www.staffoniarredamenti.it\/de\/erklaerung-im-sinne-von-art-13-ital-gvo-nr-196-03\/\" \/>\n<meta property=\"og:site_name\" content=\"Staffoni Arredamenti\" \/>\n<meta property=\"article:modified_time\" content=\"2024-07-30T08:17:18+00:00\" \/>\n<meta name=\"twitter:card\" content=\"summary_large_image\" \/>\n<meta name=\"twitter:label1\" content=\"Gesch\u00e4tzte Lesezeit\" \/>\n\t<meta name=\"twitter:data1\" content=\"3\u00a0Minuten\" \/>\n<script type=\"application\/ld+json\" class=\"yoast-schema-graph\">{\"@context\":\"https:\/\/schema.org\",\"@graph\":[{\"@type\":\"WebPage\",\"@id\":\"https:\/\/www.staffoniarredamenti.it\/de\/erklaerung-im-sinne-von-art-13-ital-gvo-nr-196-03\/\",\"url\":\"https:\/\/www.staffoniarredamenti.it\/de\/erklaerung-im-sinne-von-art-13-ital-gvo-nr-196-03\/\",\"name\":\"Datenschutzerkl\u00e4rung - Staffoni Arredamenti\",\"isPartOf\":{\"@id\":\"https:\/\/www.staffoniarredamenti.it\/de\/#website\"},\"datePublished\":\"2023-06-06T08:55:37+00:00\",\"dateModified\":\"2024-07-30T08:17:18+00:00\",\"breadcrumb\":{\"@id\":\"https:\/\/www.staffoniarredamenti.it\/de\/erklaerung-im-sinne-von-art-13-ital-gvo-nr-196-03\/#breadcrumb\"},\"inLanguage\":\"de\",\"potentialAction\":[{\"@type\":\"ReadAction\",\"target\":[\"https:\/\/www.staffoniarredamenti.it\/de\/erklaerung-im-sinne-von-art-13-ital-gvo-nr-196-03\/\"]}]},{\"@type\":\"BreadcrumbList\",\"@id\":\"https:\/\/www.staffoniarredamenti.it\/de\/erklaerung-im-sinne-von-art-13-ital-gvo-nr-196-03\/#breadcrumb\",\"itemListElement\":[{\"@type\":\"ListItem\",\"position\":1,\"name\":\"Home\",\"item\":\"https:\/\/www.staffoniarredamenti.it\/de\/home\/\"},{\"@type\":\"ListItem\",\"position\":2,\"name\":\"Datenschutzerkl\u00e4rung\"}]},{\"@type\":\"WebSite\",\"@id\":\"https:\/\/www.staffoniarredamenti.it\/de\/#website\",\"url\":\"https:\/\/www.staffoniarredamenti.it\/de\/\",\"name\":\"Staffoni Arredamenti\",\"description\":\"Showroom mobili di design\",\"potentialAction\":[{\"@type\":\"SearchAction\",\"target\":{\"@type\":\"EntryPoint\",\"urlTemplate\":\"https:\/\/www.staffoniarredamenti.it\/de\/?s={search_term_string}\"},\"query-input\":{\"@type\":\"PropertyValueSpecification\",\"valueRequired\":true,\"valueName\":\"search_term_string\"}}],\"inLanguage\":\"de\"}]}<\/script>\n<!-- \/ Yoast SEO plugin. -->","yoast_head_json":{"title":"Datenschutzerkl\u00e4rung - Staffoni Arredamenti","robots":{"index":"index","follow":"follow","max-snippet":"max-snippet:-1","max-image-preview":"max-image-preview:large","max-video-preview":"max-video-preview:-1"},"canonical":"https:\/\/www.staffoniarredamenti.it\/de\/erklaerung-im-sinne-von-art-13-ital-gvo-nr-196-03\/","og_locale":"de_DE","og_type":"article","og_title":"Datenschutzerkl\u00e4rung - Staffoni Arredamenti","og_description":"Erkl\u00e4rung im Sinne von Art. 13 ital. GvO Nr. 196\/03 Im Sinne und nach Ma\u00dfgabe von Art. 13 der ital. [&hellip;]","og_url":"https:\/\/www.staffoniarredamenti.it\/de\/erklaerung-im-sinne-von-art-13-ital-gvo-nr-196-03\/","og_site_name":"Staffoni Arredamenti","article_modified_time":"2024-07-30T08:17:18+00:00","twitter_card":"summary_large_image","twitter_misc":{"Gesch\u00e4tzte Lesezeit":"3\u00a0Minuten"},"schema":{"@context":"https:\/\/schema.org","@graph":[{"@type":"WebPage","@id":"https:\/\/www.staffoniarredamenti.it\/de\/erklaerung-im-sinne-von-art-13-ital-gvo-nr-196-03\/","url":"https:\/\/www.staffoniarredamenti.it\/de\/erklaerung-im-sinne-von-art-13-ital-gvo-nr-196-03\/","name":"Datenschutzerkl\u00e4rung - Staffoni Arredamenti","isPartOf":{"@id":"https:\/\/www.staffoniarredamenti.it\/de\/#website"},"datePublished":"2023-06-06T08:55:37+00:00","dateModified":"2024-07-30T08:17:18+00:00","breadcrumb":{"@id":"https:\/\/www.staffoniarredamenti.it\/de\/erklaerung-im-sinne-von-art-13-ital-gvo-nr-196-03\/#breadcrumb"},"inLanguage":"de","potentialAction":[{"@type":"ReadAction","target":["https:\/\/www.staffoniarredamenti.it\/de\/erklaerung-im-sinne-von-art-13-ital-gvo-nr-196-03\/"]}]},{"@type":"BreadcrumbList","@id":"https:\/\/www.staffoniarredamenti.it\/de\/erklaerung-im-sinne-von-art-13-ital-gvo-nr-196-03\/#breadcrumb","itemListElement":[{"@type":"ListItem","position":1,"name":"Home","item":"https:\/\/www.staffoniarredamenti.it\/de\/home\/"},{"@type":"ListItem","position":2,"name":"Datenschutzerkl\u00e4rung"}]},{"@type":"WebSite","@id":"https:\/\/www.staffoniarredamenti.it\/de\/#website","url":"https:\/\/www.staffoniarredamenti.it\/de\/","name":"Staffoni Arredamenti","description":"Showroom mobili di design","potentialAction":[{"@type":"SearchAction","target":{"@type":"EntryPoint","urlTemplate":"https:\/\/www.staffoniarredamenti.it\/de\/?s={search_term_string}"},"query-input":{"@type":"PropertyValueSpecification","valueRequired":true,"valueName":"search_term_string"}}],"inLanguage":"de"}]}},"_links":{"self":[{"href":"https:\/\/www.staffoniarredamenti.it\/de\/wp-json\/wp\/v2\/pages\/123377","targetHints":{"allow":["GET"]}}],"collection":[{"href":"https:\/\/www.staffoniarredamenti.it\/de\/wp-json\/wp\/v2\/pages"}],"about":[{"href":"https:\/\/www.staffoniarredamenti.it\/de\/wp-json\/wp\/v2\/types\/page"}],"author":[{"embeddable":true,"href":"https:\/\/www.staffoniarredamenti.it\/de\/wp-json\/wp\/v2\/users\/1"}],"replies":[{"embeddable":true,"href":"https:\/\/www.staffoniarredamenti.it\/de\/wp-json\/wp\/v2\/comments?post=123377"}],"version-history":[{"count":4,"href":"https:\/\/www.staffoniarredamenti.it\/de\/wp-json\/wp\/v2\/pages\/123377\/revisions"}],"predecessor-version":[{"id":123901,"href":"https:\/\/www.staffoniarredamenti.it\/de\/wp-json\/wp\/v2\/pages\/123377\/revisions\/123901"}],"wp:attachment":[{"href":"https:\/\/www.staffoniarredamenti.it\/de\/wp-json\/wp\/v2\/media?parent=123377"}],"curies":[{"name":"wp","href":"https:\/\/api.w.org\/{rel}","templated":true}]}}