{"id":123368,"date":"2021-03-30T14:43:28","date_gmt":"2021-03-30T12:43:28","guid":{"rendered":"https:\/\/www.staffoniarredamenti.it\/home\/"},"modified":"2024-07-29T09:48:43","modified_gmt":"2024-07-29T07:48:43","slug":"home","status":"publish","type":"page","link":"https:\/\/www.staffoniarredamenti.it\/de\/","title":{"rendered":"Home"},"content":{"rendered":"<section class=\"wpb-content-wrapper\"><p>[vc_row row_height_percent=&#8220;85&#8243; override_padding=&#8220;yes&#8220; h_padding=&#8220;2&#8243; top_padding=&#8220;7&#8243; bottom_padding=&#8220;7&#8243; back_color=&#8220;color-nhtu&#8220; overlay_alpha=&#8220;50&#8243; gutter_size=&#8220;4&#8243; column_width_percent=&#8220;100&#8243; shift_y=&#8220;0&#8243; z_index=&#8220;0&#8243; uncode_shortcode_id=&#8220;819382&#8243; back_color_type=&#8220;uncode-palette&#8220;][vc_column column_width_percent=&#8220;100&#8243; position_vertical=&#8220;middle&#8220; gutter_size=&#8220;3&#8243; style=&#8220;dark&#8220; font_family=&#8220;font-136269&#8243; overlay_alpha=&#8220;50&#8243; shift_x=&#8220;0&#8243; shift_y=&#8220;0&#8243; shift_y_down=&#8220;0&#8243; z_index=&#8220;0&#8243; medium_width=&#8220;0&#8243; mobile_width=&#8220;0&#8243; css_animation=&#8220;alpha-anim&#8220; animation_speed=&#8220;1000&#8243; width=&#8220;1\/1&#8243; uncode_shortcode_id=&#8220;615170&#8243;][vc_row_inner row_inner_height_percent=&#8220;0&#8243; overlay_alpha=&#8220;50&#8243; gutter_size=&#8220;4&#8243; shift_y=&#8220;0&#8243; z_index=&#8220;0&#8243; limit_content=&#8220;&#8220; uncode_shortcode_id=&#8220;151272&#8243;][vc_column_inner column_width_percent=&#8220;100&#8243; gutter_size=&#8220;2&#8243; style=&#8220;dark&#8220; overlay_alpha=&#8220;50&#8243; shift_x=&#8220;0&#8243; shift_y=&#8220;0&#8243; shift_y_down=&#8220;0&#8243; z_index=&#8220;0&#8243; medium_width=&#8220;0&#8243; mobile_width=&#8220;0&#8243; css_animation=&#8220;bottom-t-top&#8220; animation_speed=&#8220;1000&#8243; width=&#8220;9\/12&#8243; uncode_shortcode_id=&#8220;142351&#8243;][vc_custom_heading text_size=&#8220;fontsize-445851&#8243; text_weight=&#8220;400&#8243; css_animation=&#8220;single-curtain&#8220; animation_speed=&#8220;800&#8243; uncode_shortcode_id=&#8220;155613&#8243;]Jede Wohnung hat eine Geschichte zu erz\u00e4hlen: deine[\/vc_custom_heading][vc_empty_space][vc_button button_color=&#8220;color-prif&#8220; size=&#8220;btn-lg&#8220; text_skin=&#8220;yes&#8220; custom_typo=&#8220;yes&#8220; font_family=&#8220;font-136269&#8243; font_weight=&#8220;400&#8243; border_width=&#8220;0&#8243; scale_mobile=&#8220;no&#8220; uncode_shortcode_id=&#8220;136457&#8243; button_color_type=&#8220;uncode-palette&#8220; link=&#8220;url:%23works|&#8220;]R\u00e4ume \u2193[\/vc_button][\/vc_column_inner][vc_column_inner column_width_percent=&#8220;100&#8243; gutter_size=&#8220;3&#8243; overlay_alpha=&#8220;50&#8243; shift_x=&#8220;0&#8243; shift_y=&#8220;0&#8243; shift_y_down=&#8220;0&#8243; z_index=&#8220;0&#8243; medium_visibility=&#8220;yes&#8220; medium_width=&#8220;0&#8243; mobile_visibility=&#8220;yes&#8220; mobile_width=&#8220;0&#8243; width=&#8220;3\/12&#8243; uncode_shortcode_id=&#8220;167254&#8243;][\/vc_column_inner][\/vc_row_inner][\/vc_column][\/vc_row][vc_row unlock_row_content=&#8220;yes&#8220; row_height_percent=&#8220;100&#8243; override_padding=&#8220;yes&#8220; h_padding=&#8220;0&#8243; top_padding=&#8220;0&#8243; bottom_padding=&#8220;0&#8243; back_color=&#8220;color-nhtu&#8220; overlay_alpha=&#8220;50&#8243; gutter_size=&#8220;3&#8243; column_width_percent=&#8220;100&#8243; shift_y=&#8220;0&#8243; z_index=&#8220;0&#8243; uncode_shortcode_id=&#8220;194429&#8243; back_color_type=&#8220;uncode-palette&#8220; row_name=&#8220;works&#8220;][vc_column column_width_percent=&#8220;100&#8243; gutter_size=&#8220;3&#8243; style=&#8220;dark&#8220; overlay_alpha=&#8220;50&#8243; shift_x=&#8220;0&#8243; shift_y=&#8220;0&#8243; shift_y_down=&#8220;0&#8243; z_index=&#8220;0&#8243; medium_width=&#8220;0&#8243; mobile_width=&#8220;0&#8243; width=&#8220;1\/1&#8243; uncode_shortcode_id=&#8220;101065&#8243;][uncode_index el_id=&#8220;index-455971&#8243; index_type=&#8220;sticky-scroll&#8220; loop=&#8220;size:All|order_by:menu_order|post_type:page|by_id:118930,118938,118939,118940|taxonomy_count:10&#8243; sticky_thumb_size=&#8220;fluid&#8220; sticky_th_grid_lg=&#8220;1&#8243; sticky_th_grid_md=&#8220;1&#8243; sticky_th_grid_sm=&#8220;1&#8243; sticky_th_vh_lg=&#8220;100&#8243; sticky_th_vh_md=&#8220;100&#8243; sticky_th_vh_sm=&#8220;100&#8243; gutter_size=&#8220;0&#8243; page_items=&#8220;media|featured|onpost|original,title,text|excerpt&#8220; portfolio_items=&#8220;title,media|featured|onpost|original&#8220; single_text=&#8220;overlay&#8220; single_overlay_opacity=&#8220;50&#8243; single_overlay_anim=&#8220;no&#8220; single_text_visible=&#8220;yes&#8220; single_text_anim=&#8220;no&#8220; single_image_magnetic=&#8220;yes&#8220; single_v_position=&#8220;bottom&#8220; single_reduced=&#8220;limit-width&#8220; single_padding=&#8220;3&#8243; single_padding_vertical=&#8220;yes&#8220; single_elements_click=&#8220;yes&#8220; single_title_family=&#8220;font-136269&#8243; single_title_dimension=&#8220;h3&#8243; single_title_weight=&#8220;400&#8243; single_border=&#8220;yes&#8220; horizontal_th_size=&#8220;vh&#8220; uncode_shortcode_id=&#8220;925183&#8243;][\/vc_column][\/vc_row][vc_row unlock_row_content=&#8220;yes&#8220; row_height_percent=&#8220;0&#8243; override_padding=&#8220;yes&#8220; h_padding=&#8220;2&#8243; top_padding=&#8220;3&#8243; bottom_padding=&#8220;4&#8243; back_color=&#8220;color-xsdn&#8220; overlay_alpha=&#8220;50&#8243; equal_height=&#8220;yes&#8220; gutter_size=&#8220;3&#8243; column_width_percent=&#8220;100&#8243; shift_y=&#8220;0&#8243; z_index=&#8220;0&#8243; top_divider=&#8220;gradient&#8220; bottom_divider=&#8220;step_2_3&#8243; uncode_shortcode_id=&#8220;516624&#8243; back_color_type=&#8220;uncode-palette&#8220;][vc_column column_width_percent=&#8220;100&#8243; position_vertical=&#8220;middle&#8220; gutter_size=&#8220;3&#8243; font_family=&#8220;font-136269&#8243; overlay_alpha=&#8220;50&#8243; shift_x=&#8220;0&#8243; shift_y=&#8220;0&#8243; shift_y_down=&#8220;0&#8243; z_index=&#8220;0&#8243; medium_width=&#8220;0&#8243; mobile_width=&#8220;0&#8243; width=&#8220;1\/1&#8243; uncode_shortcode_id=&#8220;206043&#8243;][uncode_index el_id=&#8220;index-305735&#8243; index_type=&#8220;carousel&#8220; loop=&#8220;size:All|order_by:title|order:ASC|post_type:portfolio|tax_query:88|by_id:118831,118832,118790,118763,118671,118670,118669,118672,118631,118588,118587,118578|taxonomy_count:10&#8243; carousel_lg=&#8220;6&#8243; carousel_md=&#8220;4&#8243; carousel_sm=&#8220;1&#8243; gutter_size=&#8220;3&#8243; portfolio_items=&#8220;media|secondary|onpost|original&#8220; carousel_interval=&#8220;3000&#8243; carousel_navspeed=&#8220;400&#8243; carousel_loop=&#8220;yes&#8220; carousel_dots=&#8220;yes&#8220; carousel_dots_mobile=&#8220;yes&#8220; stage_padding=&#8220;0&#8243; single_overlay_opacity=&#8220;50&#8243; single_padding=&#8220;2&#8243; uncode_shortcode_id=&#8220;190733&#8243;][vc_empty_space empty_h=&#8220;3&#8243;][\/vc_column][\/vc_row][vc_row row_height_percent=&#8220;0&#8243; override_padding=&#8220;yes&#8220; h_padding=&#8220;2&#8243; top_padding=&#8220;0&#8243; bottom_padding=&#8220;0&#8243; back_color=&#8220;color-nhtu&#8220; overlay_alpha=&#8220;50&#8243; gutter_size=&#8220;3&#8243; column_width_percent=&#8220;100&#8243; shift_y=&#8220;0&#8243; z_index=&#8220;0&#8243; top_divider=&#8220;step&#8220; uncode_shortcode_id=&#8220;126634&#8243; back_color_type=&#8220;uncode-palette&#8220;][vc_column column_width_percent=&#8220;100&#8243; align_horizontal=&#8220;align_center&#8220; gutter_size=&#8220;3&#8243; override_padding=&#8220;yes&#8220; column_padding=&#8220;4&#8243; style=&#8220;dark&#8220; back_color=&#8220;color-298925&#8243; overlay_alpha=&#8220;50&#8243; shift_x=&#8220;0&#8243; shift_y=&#8220;-5&#8243; shift_y_fixed=&#8220;yes&#8220; shift_y_down=&#8220;0&#8243; z_index=&#8220;0&#8243; medium_width=&#8220;0&#8243; mobile_width=&#8220;0&#8243; radius=&#8220;sm&#8220; shadow=&#8220;xl&#8220; shadow_darker=&#8220;yes&#8220; width=&#8220;1\/1&#8243; uncode_shortcode_id=&#8220;113818&#8243; back_color_type=&#8220;uncode-palette&#8220;][vc_row_inner row_inner_height_percent=&#8220;0&#8243; overlay_alpha=&#8220;50&#8243; gutter_size=&#8220;3&#8243; shift_y=&#8220;0&#8243; z_index=&#8220;0&#8243; limit_content=&#8220;&#8220; uncode_shortcode_id=&#8220;148980&#8243;][vc_column_inner column_width_percent=&#8220;100&#8243; position_vertical=&#8220;middle&#8220; align_horizontal=&#8220;align_center&#8220; gutter_size=&#8220;0&#8243; style=&#8220;dark&#8220; font_family=&#8220;font-136269&#8243; overlay_alpha=&#8220;50&#8243; shift_x=&#8220;0&#8243; shift_y=&#8220;0&#8243; shift_y_down=&#8220;0&#8243; z_index=&#8220;0&#8243; medium_width=&#8220;0&#8243; mobile_width=&#8220;0&#8243; width=&#8220;4\/12&#8243; uncode_shortcode_id=&#8220;201410&#8243;][vc_single_image media=&#8220;120305&#8243; media_width_use_pixel=&#8220;yes&#8220; media_ratio=&#8220;one-one&#8220; alignment=&#8220;center&#8220; shape=&#8220;img-circle&#8220; shadow=&#8220;yes&#8220; shadow_weight=&#8220;sm&#8220; shadow_darker=&#8220;yes&#8220; media_width_pixel=&#8220;150&#8243; uncode_shortcode_id=&#8220;180208&#8243;][vc_empty_space empty_h=&#8220;1&#8243;][vc_custom_heading heading_semantic=&#8220;h5&#8243; text_font=&#8220;font-136269&#8243; text_size=&#8220;h4&#8243; text_weight=&#8220;400&#8243; text_height=&#8220;fontheight-357766&#8243; uncode_shortcode_id=&#8220;455074&#8243;]Luigi Staffoni[\/vc_custom_heading][vc_column_text uncode_shortcode_id=&#8220;141412&#8243;]Founder CEO[\/vc_column_text][\/vc_column_inner][vc_column_inner column_width_percent=&#8220;100&#8243; gutter_size=&#8220;3&#8243; style=&#8220;dark&#8220; overlay_alpha=&#8220;50&#8243; shift_x=&#8220;0&#8243; shift_y=&#8220;0&#8243; shift_y_down=&#8220;0&#8243; z_index=&#8220;0&#8243; medium_width=&#8220;0&#8243; mobile_width=&#8220;0&#8243; width=&#8220;8\/12&#8243;][vc_custom_heading heading_semantic=&#8220;h6&#8243; text_font=&#8220;font-136269&#8243; text_weight=&#8220;300&#8243; text_height=&#8220;fontheight-357766&#8243; uncode_shortcode_id=&#8220;131063&#8243;]\u201eStaffoni Arredamenti ist ein Unternehmen der Design- und Einrichtungswelt mit enger Verbindung zur italienischen Produktion und einem besonderen Blick f\u00fcr die besten internationalen Angebote. Das Gef\u00fchl beim Ber\u00fchren eines hochwertigen Materials, der Blick, der auf klaren Linien ruht, und die Kreativit\u00e4t, die in Formen und Innovationen zum Ausdruck kommt \u2013 alles, was das Design betrifft, begeistert uns.\u201c[\/vc_custom_heading][\/vc_column_inner][\/vc_row_inner][\/vc_column][\/vc_row][vc_row row_height_percent=&#8220;0&#8243; override_padding=&#8220;yes&#8220; h_padding=&#8220;2&#8243; top_padding=&#8220;5&#8243; bottom_padding=&#8220;5&#8243; back_color=&#8220;color-nhtu&#8220; overlay_alpha=&#8220;50&#8243; gutter_size=&#8220;2&#8243; column_width_percent=&#8220;100&#8243; shift_y=&#8220;0&#8243; z_index=&#8220;0&#8243; top_divider=&#8220;step&#8220; uncode_shortcode_id=&#8220;265679&#8243; back_color_type=&#8220;uncode-palette&#8220;][vc_column column_width_percent=&#8220;100&#8243; gutter_size=&#8220;4&#8243; style=&#8220;dark&#8220; font_family=&#8220;font-136269&#8243; overlay_alpha=&#8220;50&#8243; shift_x=&#8220;0&#8243; shift_y=&#8220;0&#8243; shift_y_down=&#8220;0&#8243; z_index=&#8220;0&#8243; medium_width=&#8220;0&#8243; mobile_width=&#8220;0&#8243; width=&#8220;1\/1&#8243; uncode_shortcode_id=&#8220;212803&#8243;][vc_row_inner row_inner_height_percent=&#8220;0&#8243; overlay_alpha=&#8220;50&#8243; gutter_size=&#8220;4&#8243; shift_y=&#8220;0&#8243; z_index=&#8220;0&#8243; limit_content=&#8220;&#8220;][vc_column_inner column_width_percent=&#8220;100&#8243; position_vertical=&#8220;middle&#8220; gutter_size=&#8220;3&#8243; style=&#8220;dark&#8220; overlay_alpha=&#8220;50&#8243; shift_x=&#8220;0&#8243; shift_y=&#8220;0&#8243; shift_y_down=&#8220;0&#8243; z_index=&#8220;0&#8243; medium_width=&#8220;4&#8243; mobile_width=&#8220;0&#8243; width=&#8220;9\/12&#8243; uncode_shortcode_id=&#8220;197056&#8243;][vc_custom_heading text_weight=&#8220;400&#8243; uncode_shortcode_id=&#8220;142051&#8243;]Aktuellste News[\/vc_custom_heading][\/vc_column_inner][vc_column_inner column_width_percent=&#8220;100&#8243; align_horizontal=&#8220;align_right&#8220; gutter_size=&#8220;3&#8243; style=&#8220;dark&#8220; overlay_alpha=&#8220;50&#8243; shift_x=&#8220;0&#8243; shift_y=&#8220;0&#8243; shift_y_down=&#8220;0&#8243; z_index=&#8220;0&#8243; medium_width=&#8220;4&#8243; align_mobile=&#8220;align_left_mobile&#8220; mobile_width=&#8220;0&#8243; width=&#8220;3\/12&#8243; uncode_shortcode_id=&#8220;192626&#8243;][vc_button button_color=&#8220;color-prif&#8220; size=&#8220;btn-lg&#8220; text_skin=&#8220;yes&#8220; custom_typo=&#8220;yes&#8220; font_family=&#8220;font-136269&#8243; font_weight=&#8220;400&#8243; border_width=&#8220;0&#8243; scale_mobile=&#8220;no&#8220; uncode_shortcode_id=&#8220;191765&#8243; button_color_type=&#8220;uncode-palette&#8220; link=&#8220;url:https%3A%2F%2Fwww.staffoniarredamenti.it%2Fblog%2F|title:Blog|&#8220;]Alles lesen \u2192[\/vc_button][\/vc_column_inner][\/vc_row_inner][uncode_index el_id=&#8220;index-783450830&#8243; index_type=&#8220;css_grid&#8220; loop=&#8220;size:4|order_by:date|post_type:post|categories:71|taxonomy_count:10&#8243; screen_lg_items=&#8220;2&#8243; screen_lg_breakpoint=&#8220;1000&#8243; screen_md_items=&#8220;2&#8243; screen_md_breakpoint=&#8220;600&#8243; screen_sm_items=&#8220;1&#8243; screen_sm_breakpoint=&#8220;480&#8243; gutter_size=&#8220;3&#8243; post_items=&#8220;media|featured|onpost|poster,date,title&#8220; css_grid_images_size=&#8220;one-one&#8220; single_style=&#8220;dark&#8220; single_overlay_opacity=&#8220;50&#8243; single_overlay_anim=&#8220;no&#8220; single_text_visible=&#8220;yes&#8220; single_text_anim=&#8220;no&#8220; single_image_magnetic=&#8220;yes&#8220; single_padding=&#8220;2&#8243; single_title_dimension=&#8220;h3&#8243; single_title_weight=&#8220;400&#8243; single_border=&#8220;yes&#8220; single_css_animation=&#8220;right-t-left&#8220; single_animation_speed=&#8220;800&#8243; uncode_shortcode_id=&#8220;517130&#8243;][\/vc_column][\/vc_row][vc_row row_height_percent=&#8220;0&#8243; overlay_alpha=&#8220;50&#8243; gutter_size=&#8220;3&#8243; column_width_percent=&#8220;100&#8243; shift_y=&#8220;0&#8243; z_index=&#8220;0&#8243; uncode_shortcode_id=&#8220;681726&#8243;][vc_column width=&#8220;1\/1&#8243;][vc_empty_space empty_h=&#8220;1&#8243;][\/vc_column][\/vc_row]<\/p>\n<\/section>","protected":false},"excerpt":{"rendered":"<p>[vc_row row_height_percent=&#8220;85&#8243; override_padding=&#8220;yes&#8220; h_padding=&#8220;2&#8243; top_padding=&#8220;7&#8243; bottom_padding=&#8220;7&#8243; back_color=&#8220;color-nhtu&#8220; overlay_alpha=&#8220;50&#8243; gutter_size=&#8220;4&#8243; column_width_percent=&#8220;100&#8243; shift_y=&#8220;0&#8243; z_index=&#8220;0&#8243; uncode_shortcode_id=&#8220;819382&#8243; back_color_type=&#8220;uncode-palette&#8220;][vc_column column_width_percent=&#8220;100&#8243; position_vertical=&#8220;middle&#8220; gutter_size=&#8220;3&#8243; style=&#8220;dark&#8220; font_family=&#8220;font-136269&#8243; overlay_alpha=&#8220;50&#8243; [&hellip;]<\/p>\n","protected":false},"author":1,"featured_media":0,"parent":0,"menu_order":0,"comment_status":"closed","ping_status":"closed","template":"","meta":{"footnotes":""},"class_list":["post-123368","page","type-page","status-publish","hentry"],"yoast_head":"<!-- This site is optimized with the Yoast SEO plugin v26.3 - https:\/\/yoast.com\/wordpress\/plugins\/seo\/ -->\n<title>Home - Staffoni Arredamenti<\/title>\n<meta name=\"robots\" content=\"index, follow, max-snippet:-1, max-image-preview:large, max-video-preview:-1\" \/>\n<link rel=\"canonical\" href=\"https:\/\/www.staffoniarredamenti.it\/de\/\" \/>\n<meta property=\"og:locale\" content=\"de_DE\" \/>\n<meta property=\"og:type\" content=\"article\" \/>\n<meta property=\"og:title\" content=\"Home - Staffoni Arredamenti\" \/>\n<meta property=\"og:description\" content=\"[vc_row row_height_percent=&#8220;85&#8243; override_padding=&#8220;yes&#8220; h_padding=&#8220;2&#8243; top_padding=&#8220;7&#8243; bottom_padding=&#8220;7&#8243; back_color=&#8220;color-nhtu&#8220; overlay_alpha=&#8220;50&#8243; gutter_size=&#8220;4&#8243; column_width_percent=&#8220;100&#8243; shift_y=&#8220;0&#8243; z_index=&#8220;0&#8243; uncode_shortcode_id=&#8220;819382&#8243; back_color_type=&#8220;uncode-palette&#8220;][vc_column column_width_percent=&#8220;100&#8243; position_vertical=&#8220;middle&#8220; gutter_size=&#8220;3&#8243; style=&#8220;dark&#8220; font_family=&#8220;font-136269&#8243; overlay_alpha=&#8220;50&#8243; [&hellip;]\" \/>\n<meta property=\"og:url\" content=\"https:\/\/www.staffoniarredamenti.it\/de\/\" \/>\n<meta property=\"og:site_name\" content=\"Staffoni Arredamenti\" \/>\n<meta property=\"article:modified_time\" content=\"2024-07-29T07:48:43+00:00\" \/>\n<meta name=\"twitter:card\" content=\"summary_large_image\" \/>\n<meta name=\"twitter:label1\" content=\"Gesch\u00e4tzte Lesezeit\" \/>\n\t<meta name=\"twitter:data1\" content=\"6\u00a0Minuten\" \/>\n<script type=\"application\/ld+json\" class=\"yoast-schema-graph\">{\"@context\":\"https:\/\/schema.org\",\"@graph\":[{\"@type\":\"WebPage\",\"@id\":\"https:\/\/www.staffoniarredamenti.it\/de\/\",\"url\":\"https:\/\/www.staffoniarredamenti.it\/de\/\",\"name\":\"Home - Staffoni Arredamenti\",\"isPartOf\":{\"@id\":\"https:\/\/www.staffoniarredamenti.it\/de\/#website\"},\"datePublished\":\"2021-03-30T12:43:28+00:00\",\"dateModified\":\"2024-07-29T07:48:43+00:00\",\"breadcrumb\":{\"@id\":\"https:\/\/www.staffoniarredamenti.it\/de\/#breadcrumb\"},\"inLanguage\":\"de\",\"potentialAction\":[{\"@type\":\"ReadAction\",\"target\":[\"https:\/\/www.staffoniarredamenti.it\/de\/\"]}]},{\"@type\":\"BreadcrumbList\",\"@id\":\"https:\/\/www.staffoniarredamenti.it\/de\/#breadcrumb\",\"itemListElement\":[{\"@type\":\"ListItem\",\"position\":1,\"name\":\"Home\",\"item\":\"https:\/\/www.staffoniarredamenti.it\/de\/home\/\"},{\"@type\":\"ListItem\",\"position\":2,\"name\":\"Home\"}]},{\"@type\":\"WebSite\",\"@id\":\"https:\/\/www.staffoniarredamenti.it\/de\/#website\",\"url\":\"https:\/\/www.staffoniarredamenti.it\/de\/\",\"name\":\"Staffoni Arredamenti\",\"description\":\"Showroom mobili di design\",\"potentialAction\":[{\"@type\":\"SearchAction\",\"target\":{\"@type\":\"EntryPoint\",\"urlTemplate\":\"https:\/\/www.staffoniarredamenti.it\/de\/?s={search_term_string}\"},\"query-input\":{\"@type\":\"PropertyValueSpecification\",\"valueRequired\":true,\"valueName\":\"search_term_string\"}}],\"inLanguage\":\"de\"}]}<\/script>\n<!-- \/ Yoast SEO plugin. -->","yoast_head_json":{"title":"Home - Staffoni Arredamenti","robots":{"index":"index","follow":"follow","max-snippet":"max-snippet:-1","max-image-preview":"max-image-preview:large","max-video-preview":"max-video-preview:-1"},"canonical":"https:\/\/www.staffoniarredamenti.it\/de\/","og_locale":"de_DE","og_type":"article","og_title":"Home - Staffoni Arredamenti","og_description":"[vc_row row_height_percent=&#8220;85&#8243; override_padding=&#8220;yes&#8220; h_padding=&#8220;2&#8243; top_padding=&#8220;7&#8243; bottom_padding=&#8220;7&#8243; back_color=&#8220;color-nhtu&#8220; overlay_alpha=&#8220;50&#8243; gutter_size=&#8220;4&#8243; column_width_percent=&#8220;100&#8243; shift_y=&#8220;0&#8243; z_index=&#8220;0&#8243; uncode_shortcode_id=&#8220;819382&#8243; back_color_type=&#8220;uncode-palette&#8220;][vc_column column_width_percent=&#8220;100&#8243; position_vertical=&#8220;middle&#8220; gutter_size=&#8220;3&#8243; style=&#8220;dark&#8220; font_family=&#8220;font-136269&#8243; overlay_alpha=&#8220;50&#8243; [&hellip;]","og_url":"https:\/\/www.staffoniarredamenti.it\/de\/","og_site_name":"Staffoni Arredamenti","article_modified_time":"2024-07-29T07:48:43+00:00","twitter_card":"summary_large_image","twitter_misc":{"Gesch\u00e4tzte Lesezeit":"6\u00a0Minuten"},"schema":{"@context":"https:\/\/schema.org","@graph":[{"@type":"WebPage","@id":"https:\/\/www.staffoniarredamenti.it\/de\/","url":"https:\/\/www.staffoniarredamenti.it\/de\/","name":"Home - Staffoni Arredamenti","isPartOf":{"@id":"https:\/\/www.staffoniarredamenti.it\/de\/#website"},"datePublished":"2021-03-30T12:43:28+00:00","dateModified":"2024-07-29T07:48:43+00:00","breadcrumb":{"@id":"https:\/\/www.staffoniarredamenti.it\/de\/#breadcrumb"},"inLanguage":"de","potentialAction":[{"@type":"ReadAction","target":["https:\/\/www.staffoniarredamenti.it\/de\/"]}]},{"@type":"BreadcrumbList","@id":"https:\/\/www.staffoniarredamenti.it\/de\/#breadcrumb","itemListElement":[{"@type":"ListItem","position":1,"name":"Home","item":"https:\/\/www.staffoniarredamenti.it\/de\/home\/"},{"@type":"ListItem","position":2,"name":"Home"}]},{"@type":"WebSite","@id":"https:\/\/www.staffoniarredamenti.it\/de\/#website","url":"https:\/\/www.staffoniarredamenti.it\/de\/","name":"Staffoni Arredamenti","description":"Showroom mobili di design","potentialAction":[{"@type":"SearchAction","target":{"@type":"EntryPoint","urlTemplate":"https:\/\/www.staffoniarredamenti.it\/de\/?s={search_term_string}"},"query-input":{"@type":"PropertyValueSpecification","valueRequired":true,"valueName":"search_term_string"}}],"inLanguage":"de"}]}},"_links":{"self":[{"href":"https:\/\/www.staffoniarredamenti.it\/de\/wp-json\/wp\/v2\/pages\/123368","targetHints":{"allow":["GET"]}}],"collection":[{"href":"https:\/\/www.staffoniarredamenti.it\/de\/wp-json\/wp\/v2\/pages"}],"about":[{"href":"https:\/\/www.staffoniarredamenti.it\/de\/wp-json\/wp\/v2\/types\/page"}],"author":[{"embeddable":true,"href":"https:\/\/www.staffoniarredamenti.it\/de\/wp-json\/wp\/v2\/users\/1"}],"replies":[{"embeddable":true,"href":"https:\/\/www.staffoniarredamenti.it\/de\/wp-json\/wp\/v2\/comments?post=123368"}],"version-history":[{"count":5,"href":"https:\/\/www.staffoniarredamenti.it\/de\/wp-json\/wp\/v2\/pages\/123368\/revisions"}],"predecessor-version":[{"id":123662,"href":"https:\/\/www.staffoniarredamenti.it\/de\/wp-json\/wp\/v2\/pages\/123368\/revisions\/123662"}],"wp:attachment":[{"href":"https:\/\/www.staffoniarredamenti.it\/de\/wp-json\/wp\/v2\/media?parent=123368"}],"curies":[{"name":"wp","href":"https:\/\/api.w.org\/{rel}","templated":true}]}}