{"id":123359,"date":"2023-07-04T12:05:28","date_gmt":"2023-07-04T10:05:28","guid":{"rendered":"https:\/\/www.staffoniarredamenti.it\/schluesselfertiger-service\/"},"modified":"2024-07-22T15:36:55","modified_gmt":"2024-07-22T13:36:55","slug":"schluesselfertiger-service","status":"publish","type":"page","link":"https:\/\/www.staffoniarredamenti.it\/de\/schluesselfertiger-service\/","title":{"rendered":"Schl\u00fcsselfertiger Service"},"content":{"rendered":"<section class=\"wpb-content-wrapper\"><p>[vc_row row_height_percent=&#8220;0&#8243; override_padding=&#8220;yes&#8220; h_padding=&#8220;2&#8243; top_padding=&#8220;3&#8243; bottom_padding=&#8220;3&#8243; overlay_alpha=&#8220;100&#8243; gutter_size=&#8220;3&#8243; column_width_percent=&#8220;100&#8243; shift_y=&#8220;0&#8243; z_index=&#8220;0&#8243; row_height_use_pixel=&#8220;&#8220; uncode_shortcode_id=&#8220;108220&#8243;][vc_column column_width_use_pixel=&#8220;yes&#8220; gutter_size=&#8220;3&#8243; overlay_alpha=&#8220;50&#8243; shift_x=&#8220;0&#8243; shift_y=&#8220;0&#8243; medium_width=&#8220;0&#8243; zoom_width=&#8220;0&#8243; zoom_height=&#8220;0&#8243; column_width_pixel=&#8220;800&#8243;][vc_custom_heading heading_semantic=&#8220;h1&#8243; text_size=&#8220;fontsize-338686&#8243; text_weight=&#8220;400&#8243; uncode_shortcode_id=&#8220;103429&#8243;]Schl\u00fcsselfertiger Service[\/vc_custom_heading][vc_column_text uncode_shortcode_id=&#8220;900081&#8243; el_class=&#8220;Giustifica&#8220;]Um Ihnen zu helfen, Ihr Haus ganz nach eigenen W\u00fcnschen einzurichten, bietet Staffoni Arredamenti einen SCHL\u00dcSSELFERTIGEN Service. Ausgehend vom Entwurf bis zum fertigen Heim werden Sie von einem einzigen Ansprechpartner begleitet, der die besten L\u00f6sungen findet, um Ihre Wohnung aufzuwerten.<\/p>\n<p>Professionalit\u00e4t, Erfahrung und hohe Qualit\u00e4tsstandards garantieren einen Rundum-Service, in dem unsere Fachkr\u00e4fte alle Phasen der Projektentwicklung umsetzen und koordinieren:<br \/>\nindividuelle Beratung, Entwurf des Projekts und der technischen Anlagen, stilistische Entscheidungen f\u00fcr M\u00f6blierung und Ausstattung, Suche nach Materialien und Oberfl\u00e4chen, Bauleitung, Montage durch unsere Handwerker sowie After-Sales-Service und -Kundendienst.<\/p>\n<p>Jedes Projekt wird mit Passion und Pr\u00e4zision gepflegt: Dies sind wesentliche Elemente, um ein Vertrauensverh\u00e4ltnis aufzubauen und hervorragende Ergebnisse zu erreichen.[\/vc_column_text][\/vc_column][\/vc_row][vc_row unlock_row=&#8220;&#8220; row_height_percent=&#8220;0&#8243; override_padding=&#8220;yes&#8220; h_padding=&#8220;2&#8243; top_padding=&#8220;0&#8243; bottom_padding=&#8220;3&#8243; overlay_alpha=&#8220;100&#8243; gutter_size=&#8220;3&#8243; column_width_percent=&#8220;100&#8243; shift_y=&#8220;0&#8243; z_index=&#8220;0&#8243; row_height_use_pixel=&#8220;&#8220; uncode_shortcode_id=&#8220;121489&#8243;][vc_column column_width_use_pixel=&#8220;yes&#8220; gutter_size=&#8220;3&#8243; overlay_alpha=&#8220;50&#8243; shift_x=&#8220;0&#8243; shift_y=&#8220;0&#8243; medium_width=&#8220;0&#8243; zoom_width=&#8220;0&#8243; zoom_height=&#8220;0&#8243; width=&#8220;5\/6&#8243;][vc_single_image media=&#8220;119397&#8243; media_width_percent=&#8220;100&#8243; media_ratio=&#8220;three-two&#8220; media_title_uppercase=&#8220;&#8220; uncode_shortcode_id=&#8220;204592&#8243;][\/vc_column][vc_column column_width_percent=&#8220;100&#8243; gutter_size=&#8220;3&#8243; overlay_alpha=&#8220;50&#8243; shift_x=&#8220;0&#8243; shift_y=&#8220;0&#8243; medium_width=&#8220;0&#8243; zoom_width=&#8220;0&#8243; zoom_height=&#8220;0&#8243; width=&#8220;1\/6&#8243;][vc_column_text text_lead=&#8220;small&#8220; uncode_shortcode_id=&#8220;169274&#8243;]<em>Einrichtungen nach Ma\u00df: schl\u00fcsselfertig f\u00fcr Ihr Traumhaus<\/em>[\/vc_column_text][vc_custom_heading heading_semantic=&#8220;p&#8220; text_font=&#8220;font-862855&#8243; text_size=&#8220;h5&#8243; text_weight=&#8220;400&#8243; text_height=&#8220;fontheight-357766&#8243; uncode_shortcode_id=&#8220;124772&#8243;]<\/p>\n<p style=\"text-align: left;\">Siehe auch:<br \/>\n<a href=\"https:\/\/www.staffoniarredamenti.it\/contract\/\">\u2022 Contract<\/a><br \/>\n<a href=\"https:\/\/www.staffoniarredamenti.it\/showroom\/\">\u2022 Showroom<\/a><\/p>\n<p>[\/vc_custom_heading][\/vc_column][\/vc_row]<\/p>\n<\/section>","protected":false},"excerpt":{"rendered":"<p>Just the other day I happened to wake up early. That is unusual for an engineering student. After a long time I could witness the sunrise. I could feel the sun rays falling on my body. Usual morning is followed by hustle to make it to college on time. This morning was just another morning yet seemed different.<\/p>\n","protected":false},"author":1,"featured_media":0,"parent":0,"menu_order":0,"comment_status":"open","ping_status":"open","template":"","meta":{"footnotes":""},"class_list":["post-123359","page","type-page","status-publish","hentry"],"yoast_head":"<!-- This site is optimized with the Yoast SEO plugin v26.3 - https:\/\/yoast.com\/wordpress\/plugins\/seo\/ -->\n<title>Schl\u00fcsselfertiger Service - Staffoni Arredamenti<\/title>\n<meta name=\"robots\" content=\"index, follow, max-snippet:-1, max-image-preview:large, max-video-preview:-1\" \/>\n<link rel=\"canonical\" href=\"https:\/\/www.staffoniarredamenti.it\/de\/schluesselfertiger-service\/\" \/>\n<meta property=\"og:locale\" content=\"de_DE\" \/>\n<meta property=\"og:type\" content=\"article\" \/>\n<meta property=\"og:title\" content=\"Schl\u00fcsselfertiger Service - Staffoni Arredamenti\" \/>\n<meta property=\"og:description\" content=\"Just the other day I happened to wake up early. That is unusual for an engineering student. After a long time I could witness the sunrise. I could feel the sun rays falling on my body. Usual morning is followed by hustle to make it to college on time. This morning was just another morning yet seemed different.\" \/>\n<meta property=\"og:url\" content=\"https:\/\/www.staffoniarredamenti.it\/de\/schluesselfertiger-service\/\" \/>\n<meta property=\"og:site_name\" content=\"Staffoni Arredamenti\" \/>\n<meta property=\"article:modified_time\" content=\"2024-07-22T13:36:55+00:00\" \/>\n<meta name=\"twitter:card\" content=\"summary_large_image\" \/>\n<meta name=\"twitter:label1\" content=\"Gesch\u00e4tzte Lesezeit\" \/>\n\t<meta name=\"twitter:data1\" content=\"2\u00a0Minuten\" \/>\n<script type=\"application\/ld+json\" class=\"yoast-schema-graph\">{\"@context\":\"https:\/\/schema.org\",\"@graph\":[{\"@type\":\"WebPage\",\"@id\":\"https:\/\/www.staffoniarredamenti.it\/de\/schluesselfertiger-service\/\",\"url\":\"https:\/\/www.staffoniarredamenti.it\/de\/schluesselfertiger-service\/\",\"name\":\"Schl\u00fcsselfertiger Service - Staffoni Arredamenti\",\"isPartOf\":{\"@id\":\"https:\/\/www.staffoniarredamenti.it\/de\/#website\"},\"datePublished\":\"2023-07-04T10:05:28+00:00\",\"dateModified\":\"2024-07-22T13:36:55+00:00\",\"breadcrumb\":{\"@id\":\"https:\/\/www.staffoniarredamenti.it\/de\/schluesselfertiger-service\/#breadcrumb\"},\"inLanguage\":\"de\",\"potentialAction\":[{\"@type\":\"ReadAction\",\"target\":[\"https:\/\/www.staffoniarredamenti.it\/de\/schluesselfertiger-service\/\"]}]},{\"@type\":\"BreadcrumbList\",\"@id\":\"https:\/\/www.staffoniarredamenti.it\/de\/schluesselfertiger-service\/#breadcrumb\",\"itemListElement\":[{\"@type\":\"ListItem\",\"position\":1,\"name\":\"Home\",\"item\":\"https:\/\/www.staffoniarredamenti.it\/de\/home\/\"},{\"@type\":\"ListItem\",\"position\":2,\"name\":\"Schl\u00fcsselfertiger Service\"}]},{\"@type\":\"WebSite\",\"@id\":\"https:\/\/www.staffoniarredamenti.it\/de\/#website\",\"url\":\"https:\/\/www.staffoniarredamenti.it\/de\/\",\"name\":\"Staffoni Arredamenti\",\"description\":\"Showroom mobili di design\",\"potentialAction\":[{\"@type\":\"SearchAction\",\"target\":{\"@type\":\"EntryPoint\",\"urlTemplate\":\"https:\/\/www.staffoniarredamenti.it\/de\/?s={search_term_string}\"},\"query-input\":{\"@type\":\"PropertyValueSpecification\",\"valueRequired\":true,\"valueName\":\"search_term_string\"}}],\"inLanguage\":\"de\"}]}<\/script>\n<!-- \/ Yoast SEO plugin. -->","yoast_head_json":{"title":"Schl\u00fcsselfertiger Service - Staffoni Arredamenti","robots":{"index":"index","follow":"follow","max-snippet":"max-snippet:-1","max-image-preview":"max-image-preview:large","max-video-preview":"max-video-preview:-1"},"canonical":"https:\/\/www.staffoniarredamenti.it\/de\/schluesselfertiger-service\/","og_locale":"de_DE","og_type":"article","og_title":"Schl\u00fcsselfertiger Service - Staffoni Arredamenti","og_description":"Just the other day I happened to wake up early. That is unusual for an engineering student. After a long time I could witness the sunrise. I could feel the sun rays falling on my body. Usual morning is followed by hustle to make it to college on time. This morning was just another morning yet seemed different.","og_url":"https:\/\/www.staffoniarredamenti.it\/de\/schluesselfertiger-service\/","og_site_name":"Staffoni Arredamenti","article_modified_time":"2024-07-22T13:36:55+00:00","twitter_card":"summary_large_image","twitter_misc":{"Gesch\u00e4tzte Lesezeit":"2\u00a0Minuten"},"schema":{"@context":"https:\/\/schema.org","@graph":[{"@type":"WebPage","@id":"https:\/\/www.staffoniarredamenti.it\/de\/schluesselfertiger-service\/","url":"https:\/\/www.staffoniarredamenti.it\/de\/schluesselfertiger-service\/","name":"Schl\u00fcsselfertiger Service - Staffoni Arredamenti","isPartOf":{"@id":"https:\/\/www.staffoniarredamenti.it\/de\/#website"},"datePublished":"2023-07-04T10:05:28+00:00","dateModified":"2024-07-22T13:36:55+00:00","breadcrumb":{"@id":"https:\/\/www.staffoniarredamenti.it\/de\/schluesselfertiger-service\/#breadcrumb"},"inLanguage":"de","potentialAction":[{"@type":"ReadAction","target":["https:\/\/www.staffoniarredamenti.it\/de\/schluesselfertiger-service\/"]}]},{"@type":"BreadcrumbList","@id":"https:\/\/www.staffoniarredamenti.it\/de\/schluesselfertiger-service\/#breadcrumb","itemListElement":[{"@type":"ListItem","position":1,"name":"Home","item":"https:\/\/www.staffoniarredamenti.it\/de\/home\/"},{"@type":"ListItem","position":2,"name":"Schl\u00fcsselfertiger Service"}]},{"@type":"WebSite","@id":"https:\/\/www.staffoniarredamenti.it\/de\/#website","url":"https:\/\/www.staffoniarredamenti.it\/de\/","name":"Staffoni Arredamenti","description":"Showroom mobili di design","potentialAction":[{"@type":"SearchAction","target":{"@type":"EntryPoint","urlTemplate":"https:\/\/www.staffoniarredamenti.it\/de\/?s={search_term_string}"},"query-input":{"@type":"PropertyValueSpecification","valueRequired":true,"valueName":"search_term_string"}}],"inLanguage":"de"}]}},"_links":{"self":[{"href":"https:\/\/www.staffoniarredamenti.it\/de\/wp-json\/wp\/v2\/pages\/123359","targetHints":{"allow":["GET"]}}],"collection":[{"href":"https:\/\/www.staffoniarredamenti.it\/de\/wp-json\/wp\/v2\/pages"}],"about":[{"href":"https:\/\/www.staffoniarredamenti.it\/de\/wp-json\/wp\/v2\/types\/page"}],"author":[{"embeddable":true,"href":"https:\/\/www.staffoniarredamenti.it\/de\/wp-json\/wp\/v2\/users\/1"}],"replies":[{"embeddable":true,"href":"https:\/\/www.staffoniarredamenti.it\/de\/wp-json\/wp\/v2\/comments?post=123359"}],"version-history":[{"count":2,"href":"https:\/\/www.staffoniarredamenti.it\/de\/wp-json\/wp\/v2\/pages\/123359\/revisions"}],"predecessor-version":[{"id":123361,"href":"https:\/\/www.staffoniarredamenti.it\/de\/wp-json\/wp\/v2\/pages\/123359\/revisions\/123361"}],"wp:attachment":[{"href":"https:\/\/www.staffoniarredamenti.it\/de\/wp-json\/wp\/v2\/media?parent=123359"}],"curies":[{"name":"wp","href":"https:\/\/api.w.org\/{rel}","templated":true}]}}