{"id":123348,"date":"2023-06-06T13:10:21","date_gmt":"2023-06-06T11:10:21","guid":{"rendered":"https:\/\/www.staffoniarredamenti.it\/architekten-und-interior-designer\/"},"modified":"2024-07-22T17:35:39","modified_gmt":"2024-07-22T15:35:39","slug":"architekten-und-interior-designer","status":"publish","type":"page","link":"https:\/\/www.staffoniarredamenti.it\/de\/architekten-und-interior-designer\/","title":{"rendered":"Architekten und Interior Designer"},"content":{"rendered":"<section class=\"wpb-content-wrapper\"><p>[vc_row row_height_percent=&#8220;0&#8243; override_padding=&#8220;yes&#8220; h_padding=&#8220;2&#8243; top_padding=&#8220;3&#8243; bottom_padding=&#8220;3&#8243; overlay_alpha=&#8220;100&#8243; gutter_size=&#8220;3&#8243; column_width_percent=&#8220;100&#8243; shift_y=&#8220;0&#8243; z_index=&#8220;0&#8243; row_height_use_pixel=&#8220;&#8220; uncode_shortcode_id=&#8220;108220&#8243;][vc_column column_width_use_pixel=&#8220;yes&#8220; gutter_size=&#8220;3&#8243; overlay_alpha=&#8220;50&#8243; shift_x=&#8220;0&#8243; shift_y=&#8220;0&#8243; medium_width=&#8220;0&#8243; zoom_width=&#8220;0&#8243; zoom_height=&#8220;0&#8243; column_width_pixel=&#8220;800&#8243;][vc_column_text uncode_shortcode_id=&#8220;199519&#8243; el_class=&#8220;Giustifica&#8220;]<\/p>\n<h2>Wir f\u00fcr Sie<\/h2>\n<p>Staffoni Arredamenti steht an der Seite von Architekten und Interior Designern mit der Auswahl der besten Einrichtungsmarken Made in Italy und einer umfassenden Beratung, um die besten L\u00f6sungen f\u00fcr die Anforderungen der Branchenfachkr\u00e4fte bieten zu k\u00f6nnen.[\/vc_column_text][\/vc_column][\/vc_row][vc_row unlock_row=&#8220;&#8220; row_height_percent=&#8220;0&#8243; override_padding=&#8220;yes&#8220; h_padding=&#8220;2&#8243; top_padding=&#8220;0&#8243; bottom_padding=&#8220;0&#8243; overlay_alpha=&#8220;100&#8243; gutter_size=&#8220;3&#8243; column_width_percent=&#8220;100&#8243; shift_y=&#8220;0&#8243; z_index=&#8220;0&#8243; row_height_use_pixel=&#8220;&#8220; uncode_shortcode_id=&#8220;150881&#8243;][vc_column column_width_use_pixel=&#8220;yes&#8220; gutter_size=&#8220;3&#8243; overlay_alpha=&#8220;50&#8243; shift_x=&#8220;0&#8243; shift_y=&#8220;0&#8243; medium_width=&#8220;0&#8243; zoom_width=&#8220;0&#8243; zoom_height=&#8220;0&#8243; width=&#8220;5\/6&#8243;][vc_single_image media=&#8220;117940&#8243; media_width_percent=&#8220;100&#8243; media_ratio=&#8220;three-two&#8220; media_title_uppercase=&#8220;&#8220; uncode_shortcode_id=&#8220;177499&#8243;][\/vc_column][vc_column column_width_percent=&#8220;100&#8243; gutter_size=&#8220;3&#8243; overlay_alpha=&#8220;50&#8243; shift_x=&#8220;0&#8243; shift_y=&#8220;0&#8243; medium_width=&#8220;0&#8243; zoom_width=&#8220;0&#8243; zoom_height=&#8220;0&#8243; width=&#8220;1\/6&#8243;][vc_column_text text_lead=&#8220;small&#8220; uncode_shortcode_id=&#8220;163930&#8243;]<em>Unsere Passion ist, Architekten und Interior Designer mit unserer Rundum-Beratung zu unterst\u00fctzen<\/em>[\/vc_column_text][\/vc_column][\/vc_row][vc_row unlock_row=&#8220;&#8220; row_height_percent=&#8220;0&#8243; override_padding=&#8220;yes&#8220; h_padding=&#8220;2&#8243; top_padding=&#8220;3&#8243; bottom_padding=&#8220;3&#8243; overlay_alpha=&#8220;100&#8243; gutter_size=&#8220;3&#8243; column_width_percent=&#8220;100&#8243; shift_y=&#8220;0&#8243; z_index=&#8220;0&#8243; row_height_use_pixel=&#8220;&#8220; uncode_shortcode_id=&#8220;169883&#8243;][vc_column column_width_use_pixel=&#8220;yes&#8220; gutter_size=&#8220;3&#8243; overlay_alpha=&#8220;50&#8243; shift_x=&#8220;0&#8243; shift_y=&#8220;0&#8243; medium_width=&#8220;0&#8243; zoom_width=&#8220;0&#8243; zoom_height=&#8220;0&#8243; column_width_pixel=&#8220;800&#8243;][vc_column_text uncode_shortcode_id=&#8220;342075&#8243; el_class=&#8220;Giustifica&#8220;]<\/p>\n<h2>Die Auswahl<\/h2>\n<p>Staffoni Arredamenti w\u00e4hlt sorgf\u00e4ltig nur die besten Einrichtungsangebote von prestigetr\u00e4chtigen italienischen und internationalen Marken, darunter Cassina, BB Italia, Maxalto, TM Italia, Poltrona Frau, Davide Groppi, Poggenpohl, Carl Hansen.[\/vc_column_text][\/vc_column][\/vc_row][vc_row unlock_row=&#8220;&#8220; row_height_percent=&#8220;0&#8243; override_padding=&#8220;yes&#8220; h_padding=&#8220;2&#8243; top_padding=&#8220;0&#8243; bottom_padding=&#8220;0&#8243; overlay_alpha=&#8220;100&#8243; gutter_size=&#8220;3&#8243; column_width_percent=&#8220;100&#8243; shift_y=&#8220;0&#8243; z_index=&#8220;0&#8243; row_height_use_pixel=&#8220;&#8220; uncode_shortcode_id=&#8220;135790&#8243;][vc_column column_width_percent=&#8220;100&#8243; gutter_size=&#8220;3&#8243; overlay_alpha=&#8220;50&#8243; shift_x=&#8220;0&#8243; shift_y=&#8220;0&#8243; medium_width=&#8220;0&#8243; zoom_width=&#8220;0&#8243; zoom_height=&#8220;0&#8243; width=&#8220;1\/6&#8243;][vc_column_text text_lead=&#8220;small&#8220; uncode_shortcode_id=&#8220;224912&#8243;]<em>Exzellenz im Design: unsere sorgf\u00e4ltige Auswahl f\u00fcr die Branchenfachkr\u00e4fte.<\/em>[\/vc_column_text][\/vc_column][vc_column column_width_use_pixel=&#8220;yes&#8220; gutter_size=&#8220;3&#8243; overlay_alpha=&#8220;50&#8243; shift_x=&#8220;0&#8243; shift_y=&#8220;0&#8243; medium_width=&#8220;0&#8243; zoom_width=&#8220;0&#8243; zoom_height=&#8220;0&#8243; width=&#8220;5\/6&#8243;][vc_single_image media=&#8220;117939&#8243; media_width_percent=&#8220;100&#8243; media_ratio=&#8220;three-two&#8220; media_title_uppercase=&#8220;&#8220; uncode_shortcode_id=&#8220;498194&#8243;][\/vc_column][\/vc_row][vc_row unlock_row=&#8220;&#8220; row_height_percent=&#8220;0&#8243; override_padding=&#8220;yes&#8220; h_padding=&#8220;2&#8243; top_padding=&#8220;3&#8243; bottom_padding=&#8220;3&#8243; overlay_alpha=&#8220;100&#8243; gutter_size=&#8220;3&#8243; shift_y=&#8220;0&#8243; row_height_use_pixel=&#8220;&#8220;][vc_column column_width_use_pixel=&#8220;yes&#8220; gutter_size=&#8220;3&#8243; overlay_alpha=&#8220;50&#8243; shift_x=&#8220;0&#8243; shift_y=&#8220;0&#8243; medium_width=&#8220;0&#8243; zoom_width=&#8220;0&#8243; zoom_height=&#8220;0&#8243; column_width_pixel=&#8220;800&#8243;][vc_column_text uncode_shortcode_id=&#8220;354746&#8243; el_class=&#8220;Giustifica&#8220;]<\/p>\n<h2>Beratung und Support<\/h2>\n<p>Staffoni Arredamenti bietet L\u00f6sungen im Einklang mit den neuen Stil- und Design-Trends, damit jeder Raum zum idealen Ort f\u00fcr seine Bewohner wird.<br \/>\nUnser Team hilft Ihnen bei:<\/p>\n<p>Lieferung von Designm\u00f6beln,<br \/>\n\u00dcbergabe und Installation,<br \/>\nBeratung beim Entwurf.[\/vc_column_text][\/vc_column][\/vc_row][vc_row unlock_row=&#8220;&#8220; row_height_percent=&#8220;0&#8243; override_padding=&#8220;yes&#8220; h_padding=&#8220;2&#8243; top_padding=&#8220;0&#8243; bottom_padding=&#8220;0&#8243; overlay_alpha=&#8220;100&#8243; gutter_size=&#8220;3&#8243; column_width_percent=&#8220;100&#8243; shift_y=&#8220;0&#8243; z_index=&#8220;0&#8243; row_height_use_pixel=&#8220;&#8220; uncode_shortcode_id=&#8220;150881&#8243;][vc_column column_width_use_pixel=&#8220;yes&#8220; gutter_size=&#8220;3&#8243; overlay_alpha=&#8220;50&#8243; shift_x=&#8220;0&#8243; shift_y=&#8220;0&#8243; medium_width=&#8220;0&#8243; zoom_width=&#8220;0&#8243; zoom_height=&#8220;0&#8243; width=&#8220;5\/6&#8243;][vc_single_image media=&#8220;117938&#8243; media_width_percent=&#8220;100&#8243; media_ratio=&#8220;three-two&#8220; media_title_uppercase=&#8220;&#8220; uncode_shortcode_id=&#8220;535753&#8243;][\/vc_column][vc_column column_width_percent=&#8220;100&#8243; gutter_size=&#8220;3&#8243; overlay_alpha=&#8220;50&#8243; shift_x=&#8220;0&#8243; shift_y=&#8220;0&#8243; medium_width=&#8220;0&#8243; zoom_width=&#8220;0&#8243; zoom_height=&#8220;0&#8243; width=&#8220;1\/6&#8243;][vc_column_text text_lead=&#8220;small&#8220; uncode_shortcode_id=&#8220;505203&#8243;]<em>Umfassende Beratung: Design, Bereitstellung, Lieferung. Ihr Projekt, unser Einsatz.<\/em>[\/vc_column_text][\/vc_column][\/vc_row][vc_row unlock_row=&#8220;&#8220; row_height_percent=&#8220;0&#8243; override_padding=&#8220;yes&#8220; h_padding=&#8220;2&#8243; top_padding=&#8220;3&#8243; bottom_padding=&#8220;3&#8243; overlay_alpha=&#8220;100&#8243; gutter_size=&#8220;3&#8243; shift_y=&#8220;0&#8243; row_height_use_pixel=&#8220;&#8220;][vc_column column_width_use_pixel=&#8220;yes&#8220; gutter_size=&#8220;3&#8243; overlay_alpha=&#8220;50&#8243; shift_x=&#8220;0&#8243; shift_y=&#8220;0&#8243; medium_width=&#8220;0&#8243; zoom_width=&#8220;0&#8243; zoom_height=&#8220;0&#8243; column_width_pixel=&#8220;800&#8243;][vc_column_text uncode_shortcode_id=&#8220;186355&#8243; el_class=&#8220;Giustifica&#8220;]<\/p>\n<h2>Synergie unter Fachkr\u00e4ften<\/h2>\n<p>Wir kreieren R\u00e4ume nach Ma\u00df, indem wir W\u00fcnsche, Anforderungen und Lebensstile der Bewohner interpretieren und so einmalige, individuelle L\u00f6sungen entwickeln. Wir stellen unsere Erfahrung in den Dienst von Architekten und Innendesignern, mit denen wir erfolgreiche Partnerschaften aufbauen, um unvergessliche R\u00e4ume zu realisieren.[\/vc_column_text][\/vc_column][\/vc_row][vc_row unlock_row=&#8220;&#8220; row_height_percent=&#8220;0&#8243; override_padding=&#8220;yes&#8220; h_padding=&#8220;2&#8243; top_padding=&#8220;0&#8243; bottom_padding=&#8220;3&#8243; overlay_alpha=&#8220;100&#8243; gutter_size=&#8220;3&#8243; column_width_percent=&#8220;100&#8243; shift_y=&#8220;0&#8243; z_index=&#8220;0&#8243; row_height_use_pixel=&#8220;&#8220; uncode_shortcode_id=&#8220;122413&#8243;][vc_column column_width_use_pixel=&#8220;yes&#8220; gutter_size=&#8220;3&#8243; overlay_alpha=&#8220;50&#8243; shift_x=&#8220;0&#8243; shift_y=&#8220;0&#8243; medium_width=&#8220;0&#8243; zoom_width=&#8220;0&#8243; zoom_height=&#8220;0&#8243; column_width_pixel=&#8220;800&#8243;][vc_single_image media=&#8220;117941&#8243; media_width_percent=&#8220;100&#8243; media_ratio=&#8220;three-two&#8220; media_title_uppercase=&#8220;&#8220; uncode_shortcode_id=&#8220;194887&#8243;][\/vc_column][\/vc_row]<\/p>\n<\/section>","protected":false},"excerpt":{"rendered":"<p>Just the other day I happened to wake up early. That is unusual for an engineering student. After a long time I could witness the sunrise. I could feel the sun rays falling on my body. Usual morning is followed by hustle to make it to college on time. This morning was just another morning yet seemed different.<\/p>\n","protected":false},"author":1,"featured_media":0,"parent":0,"menu_order":0,"comment_status":"open","ping_status":"open","template":"","meta":{"footnotes":""},"class_list":["post-123348","page","type-page","status-publish","hentry"],"yoast_head":"<!-- This site is optimized with the Yoast SEO plugin v26.3 - https:\/\/yoast.com\/wordpress\/plugins\/seo\/ -->\n<title>Architekten und Interior Designer - Staffoni Arredamenti<\/title>\n<meta name=\"robots\" content=\"index, follow, max-snippet:-1, max-image-preview:large, max-video-preview:-1\" \/>\n<link rel=\"canonical\" href=\"https:\/\/www.staffoniarredamenti.it\/de\/architekten-und-interior-designer\/\" \/>\n<meta property=\"og:locale\" content=\"de_DE\" \/>\n<meta property=\"og:type\" content=\"article\" \/>\n<meta property=\"og:title\" content=\"Architekten und Interior Designer - Staffoni Arredamenti\" \/>\n<meta property=\"og:description\" content=\"Just the other day I happened to wake up early. That is unusual for an engineering student. After a long time I could witness the sunrise. I could feel the sun rays falling on my body. Usual morning is followed by hustle to make it to college on time. This morning was just another morning yet seemed different.\" \/>\n<meta property=\"og:url\" content=\"https:\/\/www.staffoniarredamenti.it\/de\/architekten-und-interior-designer\/\" \/>\n<meta property=\"og:site_name\" content=\"Staffoni Arredamenti\" \/>\n<meta property=\"article:modified_time\" content=\"2024-07-22T15:35:39+00:00\" \/>\n<meta name=\"twitter:card\" content=\"summary_large_image\" \/>\n<meta name=\"twitter:label1\" content=\"Gesch\u00e4tzte Lesezeit\" \/>\n\t<meta name=\"twitter:data1\" content=\"4\u00a0Minuten\" \/>\n<script type=\"application\/ld+json\" class=\"yoast-schema-graph\">{\"@context\":\"https:\/\/schema.org\",\"@graph\":[{\"@type\":\"WebPage\",\"@id\":\"https:\/\/www.staffoniarredamenti.it\/de\/architekten-und-interior-designer\/\",\"url\":\"https:\/\/www.staffoniarredamenti.it\/de\/architekten-und-interior-designer\/\",\"name\":\"Architekten und Interior Designer - Staffoni Arredamenti\",\"isPartOf\":{\"@id\":\"https:\/\/www.staffoniarredamenti.it\/de\/#website\"},\"datePublished\":\"2023-06-06T11:10:21+00:00\",\"dateModified\":\"2024-07-22T15:35:39+00:00\",\"breadcrumb\":{\"@id\":\"https:\/\/www.staffoniarredamenti.it\/de\/architekten-und-interior-designer\/#breadcrumb\"},\"inLanguage\":\"de\",\"potentialAction\":[{\"@type\":\"ReadAction\",\"target\":[\"https:\/\/www.staffoniarredamenti.it\/de\/architekten-und-interior-designer\/\"]}]},{\"@type\":\"BreadcrumbList\",\"@id\":\"https:\/\/www.staffoniarredamenti.it\/de\/architekten-und-interior-designer\/#breadcrumb\",\"itemListElement\":[{\"@type\":\"ListItem\",\"position\":1,\"name\":\"Home\",\"item\":\"https:\/\/www.staffoniarredamenti.it\/de\/home\/\"},{\"@type\":\"ListItem\",\"position\":2,\"name\":\"Architekten und Interior Designer\"}]},{\"@type\":\"WebSite\",\"@id\":\"https:\/\/www.staffoniarredamenti.it\/de\/#website\",\"url\":\"https:\/\/www.staffoniarredamenti.it\/de\/\",\"name\":\"Staffoni Arredamenti\",\"description\":\"Showroom mobili di design\",\"potentialAction\":[{\"@type\":\"SearchAction\",\"target\":{\"@type\":\"EntryPoint\",\"urlTemplate\":\"https:\/\/www.staffoniarredamenti.it\/de\/?s={search_term_string}\"},\"query-input\":{\"@type\":\"PropertyValueSpecification\",\"valueRequired\":true,\"valueName\":\"search_term_string\"}}],\"inLanguage\":\"de\"}]}<\/script>\n<!-- \/ Yoast SEO plugin. -->","yoast_head_json":{"title":"Architekten und Interior Designer - Staffoni Arredamenti","robots":{"index":"index","follow":"follow","max-snippet":"max-snippet:-1","max-image-preview":"max-image-preview:large","max-video-preview":"max-video-preview:-1"},"canonical":"https:\/\/www.staffoniarredamenti.it\/de\/architekten-und-interior-designer\/","og_locale":"de_DE","og_type":"article","og_title":"Architekten und Interior Designer - Staffoni Arredamenti","og_description":"Just the other day I happened to wake up early. That is unusual for an engineering student. After a long time I could witness the sunrise. I could feel the sun rays falling on my body. Usual morning is followed by hustle to make it to college on time. This morning was just another morning yet seemed different.","og_url":"https:\/\/www.staffoniarredamenti.it\/de\/architekten-und-interior-designer\/","og_site_name":"Staffoni Arredamenti","article_modified_time":"2024-07-22T15:35:39+00:00","twitter_card":"summary_large_image","twitter_misc":{"Gesch\u00e4tzte Lesezeit":"4\u00a0Minuten"},"schema":{"@context":"https:\/\/schema.org","@graph":[{"@type":"WebPage","@id":"https:\/\/www.staffoniarredamenti.it\/de\/architekten-und-interior-designer\/","url":"https:\/\/www.staffoniarredamenti.it\/de\/architekten-und-interior-designer\/","name":"Architekten und Interior Designer - Staffoni Arredamenti","isPartOf":{"@id":"https:\/\/www.staffoniarredamenti.it\/de\/#website"},"datePublished":"2023-06-06T11:10:21+00:00","dateModified":"2024-07-22T15:35:39+00:00","breadcrumb":{"@id":"https:\/\/www.staffoniarredamenti.it\/de\/architekten-und-interior-designer\/#breadcrumb"},"inLanguage":"de","potentialAction":[{"@type":"ReadAction","target":["https:\/\/www.staffoniarredamenti.it\/de\/architekten-und-interior-designer\/"]}]},{"@type":"BreadcrumbList","@id":"https:\/\/www.staffoniarredamenti.it\/de\/architekten-und-interior-designer\/#breadcrumb","itemListElement":[{"@type":"ListItem","position":1,"name":"Home","item":"https:\/\/www.staffoniarredamenti.it\/de\/home\/"},{"@type":"ListItem","position":2,"name":"Architekten und Interior Designer"}]},{"@type":"WebSite","@id":"https:\/\/www.staffoniarredamenti.it\/de\/#website","url":"https:\/\/www.staffoniarredamenti.it\/de\/","name":"Staffoni Arredamenti","description":"Showroom mobili di design","potentialAction":[{"@type":"SearchAction","target":{"@type":"EntryPoint","urlTemplate":"https:\/\/www.staffoniarredamenti.it\/de\/?s={search_term_string}"},"query-input":{"@type":"PropertyValueSpecification","valueRequired":true,"valueName":"search_term_string"}}],"inLanguage":"de"}]}},"_links":{"self":[{"href":"https:\/\/www.staffoniarredamenti.it\/de\/wp-json\/wp\/v2\/pages\/123348","targetHints":{"allow":["GET"]}}],"collection":[{"href":"https:\/\/www.staffoniarredamenti.it\/de\/wp-json\/wp\/v2\/pages"}],"about":[{"href":"https:\/\/www.staffoniarredamenti.it\/de\/wp-json\/wp\/v2\/types\/page"}],"author":[{"embeddable":true,"href":"https:\/\/www.staffoniarredamenti.it\/de\/wp-json\/wp\/v2\/users\/1"}],"replies":[{"embeddable":true,"href":"https:\/\/www.staffoniarredamenti.it\/de\/wp-json\/wp\/v2\/comments?post=123348"}],"version-history":[{"count":4,"href":"https:\/\/www.staffoniarredamenti.it\/de\/wp-json\/wp\/v2\/pages\/123348\/revisions"}],"predecessor-version":[{"id":123419,"href":"https:\/\/www.staffoniarredamenti.it\/de\/wp-json\/wp\/v2\/pages\/123348\/revisions\/123419"}],"wp:attachment":[{"href":"https:\/\/www.staffoniarredamenti.it\/de\/wp-json\/wp\/v2\/media?parent=123348"}],"curies":[{"name":"wp","href":"https:\/\/api.w.org\/{rel}","templated":true}]}}