{"id":123327,"date":"2023-07-10T12:19:34","date_gmt":"2023-07-10T10:19:34","guid":{"rendered":"https:\/\/www.staffoniarredamenti.it\/raeume\/kueche\/"},"modified":"2024-07-22T17:31:21","modified_gmt":"2024-07-22T15:31:21","slug":"kueche","status":"publish","type":"page","link":"https:\/\/www.staffoniarredamenti.it\/de\/raeume\/kueche\/","title":{"rendered":"K\u00fcche"},"content":{"rendered":"<section class=\"wpb-content-wrapper\"><p>[vc_row row_height_percent=&#8220;100&#8243; back_color=&#8220;color-jevc&#8220; back_image=&#8220;119247&#8243; back_position=&#8220;center top&#8220; overlay_color=&#8220;color-jevc&#8220; overlay_alpha=&#8220;50&#8243; gutter_size=&#8220;3&#8243; column_width_percent=&#8220;100&#8243; shift_y=&#8220;0&#8243; z_index=&#8220;0&#8243; uncode_shortcode_id=&#8220;655074&#8243; back_color_type=&#8220;uncode-palette&#8220; overlay_color_type=&#8220;uncode-palette&#8220;][vc_column column_width_percent=&#8220;100&#8243; position_vertical=&#8220;middle&#8220; gutter_size=&#8220;3&#8243; style=&#8220;dark&#8220; overlay_alpha=&#8220;50&#8243; shift_x=&#8220;0&#8243; shift_y=&#8220;0&#8243; shift_y_down=&#8220;0&#8243; z_index=&#8220;0&#8243; medium_width=&#8220;4&#8243; mobile_width=&#8220;0&#8243; css_animation=&#8220;bottom-t-top&#8220; animation_delay=&#8220;200&#8243; width=&#8220;1\/1&#8243; uncode_shortcode_id=&#8220;666713&#8243;][vc_row_inner row_inner_height_percent=&#8220;0&#8243; overlay_alpha=&#8220;50&#8243; gutter_size=&#8220;3&#8243; shift_y=&#8220;0&#8243; z_index=&#8220;0&#8243; limit_content=&#8220;&#8220;][vc_column_inner column_width_percent=&#8220;100&#8243; gutter_size=&#8220;3&#8243; overlay_alpha=&#8220;50&#8243; shift_x=&#8220;0&#8243; shift_y=&#8220;0&#8243; shift_y_down=&#8220;0&#8243; z_index=&#8220;0&#8243; medium_width=&#8220;4&#8243; mobile_width=&#8220;0&#8243; width=&#8220;1\/2&#8243;][vc_custom_heading text_color=&#8220;color-298925&#8243; heading_semantic=&#8220;h1&#8243; text_size=&#8220;fontsize-445851&#8243; text_weight=&#8220;400&#8243; text_height=&#8220;fontheight-179065&#8243; uncode_shortcode_id=&#8220;381832&#8243; text_color_type=&#8220;uncode-palette&#8220;]K\u00fcche<\/p>\n<p>[\/vc_custom_heading][vc_icon icon=&#8220;fa fa-arrow-down2&#8243; icon_color=&#8220;color-298925&#8243; background_style=&#8220;fa-rounded&#8220; link=&#8220;url:%23about-me|&#8220; uncode_shortcode_id=&#8220;887276&#8243; icon_color_type=&#8220;uncode-palette&#8220;][\/vc_icon][\/vc_column_inner][vc_column_inner column_width_percent=&#8220;100&#8243; gutter_size=&#8220;3&#8243; overlay_alpha=&#8220;50&#8243; shift_x=&#8220;0&#8243; shift_y=&#8220;0&#8243; shift_y_down=&#8220;0&#8243; z_index=&#8220;0&#8243; medium_width=&#8220;4&#8243; mobile_visibility=&#8220;yes&#8220; mobile_width=&#8220;0&#8243; width=&#8220;1\/2&#8243;][\/vc_column_inner][\/vc_row_inner][\/vc_column][\/vc_row][vc_row row_height_percent=&#8220;100&#8243; back_color=&#8220;color-298925&#8243; back_image=&#8220;119017&#8243; kburns=&#8220;yes&#8220; overlay_color=&#8220;color-298925&#8243; overlay_alpha=&#8220;85&#8243; gutter_size=&#8220;3&#8243; column_width_percent=&#8220;100&#8243; shift_y=&#8220;0&#8243; z_index=&#8220;0&#8243; uncode_shortcode_id=&#8220;111724&#8243; back_color_type=&#8220;uncode-palette&#8220; overlay_color_type=&#8220;uncode-palette&#8220;][vc_column column_width_percent=&#8220;100&#8243; position_vertical=&#8220;middle&#8220; gutter_size=&#8220;4&#8243; style=&#8220;dark&#8220; overlay_alpha=&#8220;50&#8243; shift_x=&#8220;0&#8243; shift_y=&#8220;0&#8243; shift_y_down=&#8220;0&#8243; z_index=&#8220;0&#8243; medium_width=&#8220;0&#8243; mobile_width=&#8220;0&#8243; css_animation=&#8220;bottom-t-top&#8220; animation_delay=&#8220;200&#8243; width=&#8220;1\/1&#8243;][vc_row_inner row_inner_height_percent=&#8220;0&#8243; overlay_alpha=&#8220;50&#8243; gutter_size=&#8220;4&#8243; shift_y=&#8220;0&#8243; z_index=&#8220;0&#8243; limit_content=&#8220;&#8220;][vc_column_inner column_width_percent=&#8220;100&#8243; position_vertical=&#8220;bottom&#8220; gutter_size=&#8220;3&#8243; style=&#8220;dark&#8220; overlay_alpha=&#8220;50&#8243; shift_x=&#8220;0&#8243; shift_y=&#8220;0&#8243; shift_y_down=&#8220;0&#8243; z_index=&#8220;0&#8243; medium_width=&#8220;0&#8243; mobile_width=&#8220;0&#8243; width=&#8220;1\/2&#8243;][vc_custom_heading heading_semantic=&#8220;h6&#8243; text_font=&#8220;font-136269&#8243; text_size=&#8220;fontsize-160000&#8243; text_weight=&#8220;600&#8243; text_transform=&#8220;uppercase&#8220; text_height=&#8220;fontheight-179065&#8243; text_space=&#8220;fontspace-781688&#8243; uncode_shortcode_id=&#8220;179844&#8243;]K\u00fcche<\/p>\n<p>[\/vc_custom_heading][vc_custom_heading text_size=&#8220;fontsize-338686&#8243; text_weight=&#8220;400&#8243; text_height=&#8220;fontheight-179065&#8243; uncode_shortcode_id=&#8220;104646&#8243;]Der Mittelpunkt des Hauses, wo Form und Materie gesellige, funktionelle R\u00e4ume schaffen[\/vc_custom_heading][\/vc_column_inner][vc_column_inner column_width_percent=&#8220;100&#8243; position_horizontal=&#8220;left&#8220; position_vertical=&#8220;bottom&#8220; gutter_size=&#8220;4&#8243; style=&#8220;dark&#8220; overlay_alpha=&#8220;50&#8243; shift_x=&#8220;0&#8243; shift_y=&#8220;0&#8243; shift_y_down=&#8220;0&#8243; z_index=&#8220;0&#8243; medium_width=&#8220;0&#8243; mobile_width=&#8220;0&#8243; width=&#8220;1\/2&#8243; uncode_shortcode_id=&#8220;122909&#8243;][vc_column_text uncode_shortcode_id=&#8220;213607&#8243; el_class=&#8220;Giustifica&#8220;]<\/p>\n<p>Aktuelles Design, Zweckm\u00e4\u00dfigkeit und gleichzeitig Eleganz pr\u00e4gen die L\u00f6sungen, die Sie bei Staffoni Arredamenti finden: damit die K\u00fcche eine perfekte Organisation erm\u00f6glicht und dabei das Gef\u00fchl der Gastlichkeit vermittelt.<br \/>\nDie Marken, die bei Staffoni Arredamenti vertreten sind, stehen f\u00fcr Qualit\u00e4t, Langlebigkeit und Zuverl\u00e4ssigkeit.<br \/>\nKommen Sie und entdecken Sie die beste L\u00f6sung f\u00fcr Ihren Bedarf.<\/p>\n<p>[\/vc_column_text][\/vc_column_inner][\/vc_row_inner][vc_separator sep_color=&#8220;,Default&#8220;][uncode_index el_id=&#8220;index-208541&#8243; index_type=&#8220;carousel&#8220; loop=&#8220;size:All|order_by:title|order:ASC|post_type:portfolio|tax_query:107|taxonomy_count:10&#8243; carousel_lg=&#8220;5&#8243; carousel_md=&#8220;3&#8243; carousel_sm=&#8220;2&#8243; gutter_size=&#8220;3&#8243; portfolio_items=&#8220;media|secondary|onpost|original&#8220; carousel_interval=&#8220;3000&#8243; carousel_navspeed=&#8220;400&#8243; carousel_nav=&#8220;yes&#8220; carousel_nav_mobile=&#8220;yes&#8220; carousel_dots=&#8220;yes&#8220; stage_padding=&#8220;0&#8243; single_overlay_opacity=&#8220;50&#8243; single_padding=&#8220;2&#8243; uncode_shortcode_id=&#8220;132378&#8243;][\/vc_column][\/vc_row][vc_row unlock_row_content=&#8220;yes&#8220; row_height_percent=&#8220;100&#8243; override_padding=&#8220;yes&#8220; h_padding=&#8220;0&#8243; top_padding=&#8220;0&#8243; bottom_padding=&#8220;0&#8243; back_color=&#8220;color-lxmt&#8220; overlay_alpha=&#8220;50&#8243; equal_height=&#8220;yes&#8220; gutter_size=&#8220;0&#8243; column_width_percent=&#8220;100&#8243; shift_y=&#8220;0&#8243; z_index=&#8220;0&#8243; uncode_shortcode_id=&#8220;177189&#8243; back_color_type=&#8220;uncode-palette&#8220;][vc_column column_width_percent=&#8220;100&#8243; align_horizontal=&#8220;align_center&#8220; gutter_size=&#8220;6&#8243; override_padding=&#8220;yes&#8220; column_padding=&#8220;0&#8243; style=&#8220;dark&#8220; overlay_alpha=&#8220;50&#8243; shift_x=&#8220;0&#8243; shift_y=&#8220;0&#8243; shift_y_down=&#8220;0&#8243; z_index=&#8220;0&#8243; medium_width=&#8220;0&#8243; mobile_width=&#8220;0&#8243; width=&#8220;1\/1&#8243; uncode_shortcode_id=&#8220;490236&#8243;][uncode_index el_id=&#8220;index-167098&#8243; loop=&#8220;size:6|order_by:date|post_type:post|categories:99|taxonomy_count:10&#8243; auto_query=&#8220;yes&#8220; style_preset=&#8220;metro&#8220; single_height_viewport=&#8220;yes&#8220; screen_lg=&#8220;1000&#8243; screen_md=&#8220;600&#8243; screen_sm=&#8220;480&#8243; gutter_size=&#8220;0&#8243; post_items=&#8220;media|featured|lightbox|original&#8220; single_text=&#8220;overlay&#8220; single_width=&#8220;3&#8243; single_fluid_height=&#8220;50&#8243; single_overlay_color=&#8220;color-jevc&#8220; single_overlay_opacity=&#8220;35&#8243; single_overlay_visible=&#8220;yes&#8220; single_padding=&#8220;2&#8243; single_title_space=&#8220;fontspace-111509&#8243; single_meta_custom_typo=&#8220;yes&#8220; single_meta_size=&#8220;default&#8220; single_meta_weight=&#8220;500&#8243; single_border=&#8220;yes&#8220; single_css_animation=&#8220;bottom-t-top&#8220; single_animation_delay=&#8220;200&#8243; post_matrix=&#8220;matrix&#8220; matrix_amount=&#8220;6&#8243; custom_cursor=&#8220;accent&#8220; uncode_shortcode_id=&#8220;680298&#8243; matrix_items=&#8220;eyIwX2kiOnsic2luZ2xlX3dpZHRoIjoiNiJ9LCI1X2kiOnsic2luZ2xlX3dpZHRoIjoiNiJ9fQ==&#8220;][\/vc_column][\/vc_row]<\/p>\n<\/section>","protected":false},"excerpt":{"rendered":"<p>[vc_row row_height_percent=&#8220;100&#8243; back_color=&#8220;color-jevc&#8220; back_image=&#8220;119247&#8243; back_position=&#8220;center top&#8220; overlay_color=&#8220;color-jevc&#8220; overlay_alpha=&#8220;50&#8243; gutter_size=&#8220;3&#8243; column_width_percent=&#8220;100&#8243; shift_y=&#8220;0&#8243; z_index=&#8220;0&#8243; uncode_shortcode_id=&#8220;655074&#8243; back_color_type=&#8220;uncode-palette&#8220; overlay_color_type=&#8220;uncode-palette&#8220;][vc_column column_width_percent=&#8220;100&#8243; position_vertical=&#8220;middle&#8220; gutter_size=&#8220;3&#8243; style=&#8220;dark&#8220; overlay_alpha=&#8220;50&#8243; [&hellip;]<\/p>\n","protected":false},"author":3,"featured_media":119330,"parent":123318,"menu_order":0,"comment_status":"closed","ping_status":"closed","template":"","meta":{"footnotes":""},"class_list":["post-123327","page","type-page","status-publish","has-post-thumbnail","hentry","page_category-raeume"],"yoast_head":"<!-- This site is optimized with the Yoast SEO plugin v26.3 - https:\/\/yoast.com\/wordpress\/plugins\/seo\/ -->\n<title>K\u00fcche - Staffoni Arredamenti<\/title>\n<meta name=\"robots\" content=\"index, follow, max-snippet:-1, max-image-preview:large, max-video-preview:-1\" \/>\n<link rel=\"canonical\" href=\"https:\/\/www.staffoniarredamenti.it\/de\/raeume\/kueche\/\" \/>\n<meta property=\"og:locale\" content=\"de_DE\" \/>\n<meta property=\"og:type\" content=\"article\" \/>\n<meta property=\"og:title\" content=\"K\u00fcche - Staffoni Arredamenti\" \/>\n<meta property=\"og:description\" content=\"[vc_row row_height_percent=&#8220;100&#8243; back_color=&#8220;color-jevc&#8220; back_image=&#8220;119247&#8243; back_position=&#8220;center top&#8220; overlay_color=&#8220;color-jevc&#8220; overlay_alpha=&#8220;50&#8243; gutter_size=&#8220;3&#8243; column_width_percent=&#8220;100&#8243; shift_y=&#8220;0&#8243; z_index=&#8220;0&#8243; uncode_shortcode_id=&#8220;655074&#8243; back_color_type=&#8220;uncode-palette&#8220; overlay_color_type=&#8220;uncode-palette&#8220;][vc_column column_width_percent=&#8220;100&#8243; position_vertical=&#8220;middle&#8220; gutter_size=&#8220;3&#8243; style=&#8220;dark&#8220; overlay_alpha=&#8220;50&#8243; [&hellip;]\" \/>\n<meta property=\"og:url\" content=\"https:\/\/www.staffoniarredamenti.it\/de\/raeume\/kueche\/\" \/>\n<meta property=\"og:site_name\" content=\"Staffoni Arredamenti\" \/>\n<meta property=\"article:modified_time\" content=\"2024-07-22T15:31:21+00:00\" \/>\n<meta property=\"og:image\" content=\"https:\/\/www.staffoniarredamenti.it\/wp-content\/uploads\/2023\/07\/Cucina-1.jpg\" \/>\n\t<meta property=\"og:image:width\" content=\"1378\" \/>\n\t<meta property=\"og:image:height\" content=\"775\" \/>\n\t<meta property=\"og:image:type\" content=\"image\/jpeg\" \/>\n<meta name=\"twitter:card\" content=\"summary_large_image\" \/>\n<meta name=\"twitter:label1\" content=\"Gesch\u00e4tzte Lesezeit\" \/>\n\t<meta name=\"twitter:data1\" content=\"4\u00a0Minuten\" \/>\n<script type=\"application\/ld+json\" class=\"yoast-schema-graph\">{\"@context\":\"https:\/\/schema.org\",\"@graph\":[{\"@type\":\"WebPage\",\"@id\":\"https:\/\/www.staffoniarredamenti.it\/de\/raeume\/kueche\/\",\"url\":\"https:\/\/www.staffoniarredamenti.it\/de\/raeume\/kueche\/\",\"name\":\"K\u00fcche - Staffoni Arredamenti\",\"isPartOf\":{\"@id\":\"https:\/\/www.staffoniarredamenti.it\/de\/#website\"},\"primaryImageOfPage\":{\"@id\":\"https:\/\/www.staffoniarredamenti.it\/de\/raeume\/kueche\/#primaryimage\"},\"image\":{\"@id\":\"https:\/\/www.staffoniarredamenti.it\/de\/raeume\/kueche\/#primaryimage\"},\"thumbnailUrl\":\"https:\/\/www.staffoniarredamenti.it\/wp-content\/uploads\/2023\/07\/Cucina-1.jpg\",\"datePublished\":\"2023-07-10T10:19:34+00:00\",\"dateModified\":\"2024-07-22T15:31:21+00:00\",\"breadcrumb\":{\"@id\":\"https:\/\/www.staffoniarredamenti.it\/de\/raeume\/kueche\/#breadcrumb\"},\"inLanguage\":\"de\",\"potentialAction\":[{\"@type\":\"ReadAction\",\"target\":[\"https:\/\/www.staffoniarredamenti.it\/de\/raeume\/kueche\/\"]}]},{\"@type\":\"ImageObject\",\"inLanguage\":\"de\",\"@id\":\"https:\/\/www.staffoniarredamenti.it\/de\/raeume\/kueche\/#primaryimage\",\"url\":\"https:\/\/www.staffoniarredamenti.it\/wp-content\/uploads\/2023\/07\/Cucina-1.jpg\",\"contentUrl\":\"https:\/\/www.staffoniarredamenti.it\/wp-content\/uploads\/2023\/07\/Cucina-1.jpg\",\"width\":1378,\"height\":775},{\"@type\":\"BreadcrumbList\",\"@id\":\"https:\/\/www.staffoniarredamenti.it\/de\/raeume\/kueche\/#breadcrumb\",\"itemListElement\":[{\"@type\":\"ListItem\",\"position\":1,\"name\":\"Home\",\"item\":\"https:\/\/www.staffoniarredamenti.it\/de\/home\/\"},{\"@type\":\"ListItem\",\"position\":2,\"name\":\"R\u00e4ume\",\"item\":\"https:\/\/www.staffoniarredamenti.it\/de\/arredamento\/\"},{\"@type\":\"ListItem\",\"position\":3,\"name\":\"K\u00fcche\"}]},{\"@type\":\"WebSite\",\"@id\":\"https:\/\/www.staffoniarredamenti.it\/de\/#website\",\"url\":\"https:\/\/www.staffoniarredamenti.it\/de\/\",\"name\":\"Staffoni Arredamenti\",\"description\":\"Showroom mobili di design\",\"potentialAction\":[{\"@type\":\"SearchAction\",\"target\":{\"@type\":\"EntryPoint\",\"urlTemplate\":\"https:\/\/www.staffoniarredamenti.it\/de\/?s={search_term_string}\"},\"query-input\":{\"@type\":\"PropertyValueSpecification\",\"valueRequired\":true,\"valueName\":\"search_term_string\"}}],\"inLanguage\":\"de\"}]}<\/script>\n<!-- \/ Yoast SEO plugin. -->","yoast_head_json":{"title":"K\u00fcche - Staffoni Arredamenti","robots":{"index":"index","follow":"follow","max-snippet":"max-snippet:-1","max-image-preview":"max-image-preview:large","max-video-preview":"max-video-preview:-1"},"canonical":"https:\/\/www.staffoniarredamenti.it\/de\/raeume\/kueche\/","og_locale":"de_DE","og_type":"article","og_title":"K\u00fcche - Staffoni Arredamenti","og_description":"[vc_row row_height_percent=&#8220;100&#8243; back_color=&#8220;color-jevc&#8220; back_image=&#8220;119247&#8243; back_position=&#8220;center top&#8220; overlay_color=&#8220;color-jevc&#8220; overlay_alpha=&#8220;50&#8243; gutter_size=&#8220;3&#8243; column_width_percent=&#8220;100&#8243; shift_y=&#8220;0&#8243; z_index=&#8220;0&#8243; uncode_shortcode_id=&#8220;655074&#8243; back_color_type=&#8220;uncode-palette&#8220; overlay_color_type=&#8220;uncode-palette&#8220;][vc_column column_width_percent=&#8220;100&#8243; position_vertical=&#8220;middle&#8220; gutter_size=&#8220;3&#8243; style=&#8220;dark&#8220; overlay_alpha=&#8220;50&#8243; [&hellip;]","og_url":"https:\/\/www.staffoniarredamenti.it\/de\/raeume\/kueche\/","og_site_name":"Staffoni Arredamenti","article_modified_time":"2024-07-22T15:31:21+00:00","og_image":[{"width":1378,"height":775,"url":"https:\/\/www.staffoniarredamenti.it\/wp-content\/uploads\/2023\/07\/Cucina-1.jpg","type":"image\/jpeg"}],"twitter_card":"summary_large_image","twitter_misc":{"Gesch\u00e4tzte Lesezeit":"4\u00a0Minuten"},"schema":{"@context":"https:\/\/schema.org","@graph":[{"@type":"WebPage","@id":"https:\/\/www.staffoniarredamenti.it\/de\/raeume\/kueche\/","url":"https:\/\/www.staffoniarredamenti.it\/de\/raeume\/kueche\/","name":"K\u00fcche - Staffoni Arredamenti","isPartOf":{"@id":"https:\/\/www.staffoniarredamenti.it\/de\/#website"},"primaryImageOfPage":{"@id":"https:\/\/www.staffoniarredamenti.it\/de\/raeume\/kueche\/#primaryimage"},"image":{"@id":"https:\/\/www.staffoniarredamenti.it\/de\/raeume\/kueche\/#primaryimage"},"thumbnailUrl":"https:\/\/www.staffoniarredamenti.it\/wp-content\/uploads\/2023\/07\/Cucina-1.jpg","datePublished":"2023-07-10T10:19:34+00:00","dateModified":"2024-07-22T15:31:21+00:00","breadcrumb":{"@id":"https:\/\/www.staffoniarredamenti.it\/de\/raeume\/kueche\/#breadcrumb"},"inLanguage":"de","potentialAction":[{"@type":"ReadAction","target":["https:\/\/www.staffoniarredamenti.it\/de\/raeume\/kueche\/"]}]},{"@type":"ImageObject","inLanguage":"de","@id":"https:\/\/www.staffoniarredamenti.it\/de\/raeume\/kueche\/#primaryimage","url":"https:\/\/www.staffoniarredamenti.it\/wp-content\/uploads\/2023\/07\/Cucina-1.jpg","contentUrl":"https:\/\/www.staffoniarredamenti.it\/wp-content\/uploads\/2023\/07\/Cucina-1.jpg","width":1378,"height":775},{"@type":"BreadcrumbList","@id":"https:\/\/www.staffoniarredamenti.it\/de\/raeume\/kueche\/#breadcrumb","itemListElement":[{"@type":"ListItem","position":1,"name":"Home","item":"https:\/\/www.staffoniarredamenti.it\/de\/home\/"},{"@type":"ListItem","position":2,"name":"R\u00e4ume","item":"https:\/\/www.staffoniarredamenti.it\/de\/arredamento\/"},{"@type":"ListItem","position":3,"name":"K\u00fcche"}]},{"@type":"WebSite","@id":"https:\/\/www.staffoniarredamenti.it\/de\/#website","url":"https:\/\/www.staffoniarredamenti.it\/de\/","name":"Staffoni Arredamenti","description":"Showroom mobili di design","potentialAction":[{"@type":"SearchAction","target":{"@type":"EntryPoint","urlTemplate":"https:\/\/www.staffoniarredamenti.it\/de\/?s={search_term_string}"},"query-input":{"@type":"PropertyValueSpecification","valueRequired":true,"valueName":"search_term_string"}}],"inLanguage":"de"}]}},"_links":{"self":[{"href":"https:\/\/www.staffoniarredamenti.it\/de\/wp-json\/wp\/v2\/pages\/123327","targetHints":{"allow":["GET"]}}],"collection":[{"href":"https:\/\/www.staffoniarredamenti.it\/de\/wp-json\/wp\/v2\/pages"}],"about":[{"href":"https:\/\/www.staffoniarredamenti.it\/de\/wp-json\/wp\/v2\/types\/page"}],"author":[{"embeddable":true,"href":"https:\/\/www.staffoniarredamenti.it\/de\/wp-json\/wp\/v2\/users\/3"}],"replies":[{"embeddable":true,"href":"https:\/\/www.staffoniarredamenti.it\/de\/wp-json\/wp\/v2\/comments?post=123327"}],"version-history":[{"count":5,"href":"https:\/\/www.staffoniarredamenti.it\/de\/wp-json\/wp\/v2\/pages\/123327\/revisions"}],"predecessor-version":[{"id":123403,"href":"https:\/\/www.staffoniarredamenti.it\/de\/wp-json\/wp\/v2\/pages\/123327\/revisions\/123403"}],"up":[{"embeddable":true,"href":"https:\/\/www.staffoniarredamenti.it\/de\/wp-json\/wp\/v2\/pages\/123318"}],"wp:featuredmedia":[{"embeddable":true,"href":"https:\/\/www.staffoniarredamenti.it\/de\/wp-json\/wp\/v2\/media\/119330"}],"wp:attachment":[{"href":"https:\/\/www.staffoniarredamenti.it\/de\/wp-json\/wp\/v2\/media?parent=123327"}],"curies":[{"name":"wp","href":"https:\/\/api.w.org\/{rel}","templated":true}]}}